{"id":8104,"date":"2017-02-09T14:04:48","date_gmt":"2017-02-09T14:04:48","guid":{"rendered":"https:\/\/tehnounion.web.com.mk\/kontakt\/"},"modified":"2021-02-05T09:42:22","modified_gmt":"2021-02-05T08:42:22","slug":"kontakte","status":"publish","type":"page","link":"https:\/\/tehnounion.com.mk\/sq\/kontakte\/","title":{"rendered":"Kontakte"},"content":{"rendered":"\t\t<div data-elementor-type=\"wp-page\" data-elementor-id=\"8104\" class=\"elementor elementor-8104 elementor-1529\" data-elementor-settings=\"[]\">\n\t\t\t\t\t\t<div class=\"elementor-inner\">\n\t\t\t\t\t\t\t<div class=\"elementor-section-wrap\">\n\t\t\t\t\t\t\t<section data-particle_enable=\"false\" data-particle-mobile-disabled=\"false\" class=\"elementor-section elementor-top-section elementor-element elementor-element-d653ee9 elementor-section-boxed elementor-section-height-default elementor-section-height-default\" data-id=\"d653ee9\" data-element_type=\"section\">\n\t\t\t\t\t\t<div class=\"elementor-container elementor-column-gap-default\">\n\t\t\t\t\t\t\t<div class=\"elementor-row\">\n\t\t\t\t\t<div class=\"elementor-column elementor-col-100 elementor-top-column elementor-element elementor-element-0faf99b\" data-id=\"0faf99b\" data-element_type=\"column\">\n\t\t\t<div class=\"elementor-column-wrap elementor-element-populated\">\n\t\t\t\t\t\t\t<div class=\"elementor-widget-wrap\">\n\t\t\t\t\t\t<div class=\"elementor-element elementor-element-62453ea elementor-widget elementor-widget-vc_custom_heading\" data-id=\"62453ea\" data-element_type=\"widget\" data-widget_type=\"vc_custom_heading.default\">\n\t\t\t\t<div class=\"elementor-widget-container\">\n\t\t\t<div class=\" vc_custom_heading  consulting_heading_font  text_align_left\" ><h3 style=\"text-align: left\" class=\"consulting-custom-title\">Kontakte<\/h3><\/div>\t\t<\/div>\n\t\t\t\t<\/div>\n\t\t\t\t<div class=\"elementor-element elementor-element-da01c8d elementor-widget elementor-widget-text-editor\" data-id=\"da01c8d\" data-element_type=\"widget\" data-widget_type=\"text-editor.default\">\n\t\t\t\t<div class=\"elementor-widget-container\">\n\t\t\t\t\t<div class=\"elementor-text-editor elementor-clearfix\"><p>N\u00ebse keni nevoj\u00eb p\u00ebr m\u00eb shum\u00eb informacion n\u00eb lidhje me produktet ose sh\u00ebrbimet tona, na shkruani dhe ne do t&#8217;ju kontaktojm\u00eb sa m\u00eb shpejt t\u00eb jet\u00eb e mundur.<\/p>\n<\/div>\n\t\t\t\t<\/div>\n\t\t\t\t<\/div>\n\t\t\t\t\t\t<\/div>\n\t\t\t\t\t<\/div>\n\t\t<\/div>\n\t\t\t\t\t\t\t\t<\/div>\n\t\t\t\t\t<\/div>\n\t\t<\/section>\n\t\t\t\t<section data-particle_enable=\"false\" data-particle-mobile-disabled=\"false\" class=\"elementor-section elementor-top-section elementor-element elementor-element-d045583 elementor-section-boxed elementor-section-height-default elementor-section-height-default\" data-id=\"d045583\" data-element_type=\"section\" data-settings=\"{&quot;background_background&quot;:&quot;classic&quot;}\">\n\t\t\t\t\t\t<div class=\"elementor-container elementor-column-gap-default\">\n\t\t\t\t\t\t\t<div class=\"elementor-row\">\n\t\t\t\t\t<div class=\"elementor-column elementor-col-100 elementor-top-column elementor-element elementor-element-d045b78\" data-id=\"d045b78\" data-element_type=\"column\" data-settings=\"{&quot;background_background&quot;:&quot;classic&quot;}\">\n\t\t\t<div class=\"elementor-column-wrap elementor-element-populated\">\n\t\t\t\t\t\t\t<div class=\"elementor-widget-wrap\">\n\t\t\t\t\t\t<div class=\"elementor-element elementor-element-d04652a elementor-widget elementor-widget-stm_contacts_widget\" data-id=\"d04652a\" data-element_type=\"widget\" data-widget_type=\"stm_contacts_widget.default\">\n\t\t\t\t<div class=\"elementor-widget-container\">\n\t\t\t\n<div class=\"stm_contacts_widget consulting_elementor_contacts_widget style_4 \">\n\n            <h4 class=\"no_stripe\">Informacionin e kontaktit<\/h4>\n    \n    \n        <ul>\n                            <li>\n                    <div class=\"icon\"><i class=\"fa fa-map-marker\"><\/i><\/div>\n                    <div class=\"text\">bul. Boris Trajkovski 240 - Pintija<br \/>1000, Shkup R. Maqedonia<\/div>\n                <\/li>\n                                        <li>\n                    <div class=\"icon\"><i class=\"fa fa-phone\"><\/i><\/div>\n                    <div class=\"text\">\n                        +389 (02) 24 69 715                                                    <br \/>+389 (02) 24 63 713                                            <\/div>\n                <\/li>\n                                                    <li>\n                    <div class=\"icon\"><i class=\"fa fa-envelope\"><\/i><\/div>\n                    <div class=\"text\"><a href=\"mailto:&#103;&#111;r&#97;&#110;&#64;teh&#110;&#111;&#117;n&#105;&#111;n.&#99;&#111;m&#46;mk\">&#103;&#111;r&#97;&#110;&#64;t&#101;&#104;nou&#110;ion&#46;&#99;&#111;m.&#109;k<\/a><\/div>\n                <\/li>\n                                <\/ul>\n                    <ul class=\"socials\">\n                                    <li><a href=\"#\" target=\"_blank\" class=\"social-facebook\"><i class=\"fa fa-facebook\"><\/i><\/a><\/li>\n                                                    <li><a href=\"#\" target=\"_blank\" class=\"social-twitter\"><i class=\"fa fa-twitter\"><\/i><\/a><\/li>\n                                                    <li><a href=\"#\" target=\"_blank\" class=\"social-linkedin\"><i class=\"fa fa-linkedin\"><\/i><\/a><\/li>\n                                                    <li><a href=\"#\" target=\"_blank\" class=\"social-google-plus\"><i class=\"fa fa-google-plus\"><\/i><\/a><\/li>\n                                                    <li><a href=\"skype:#\" class=\"social-skype\"><i class=\"fa fa-skype\"><\/i><\/a><\/li>\n                            <\/ul>\n        \n    \n<\/div>\t\t<\/div>\n\t\t\t\t<\/div>\n\t\t\t\t\t\t<\/div>\n\t\t\t\t\t<\/div>\n\t\t<\/div>\n\t\t\t\t<div class=\"elementor-column elementor-col-100 elementor-top-column elementor-element elementor-element-d04660c\" data-id=\"d04660c\" data-element_type=\"column\" data-settings=\"{&quot;background_background&quot;:&quot;classic&quot;}\">\n\t\t\t<div class=\"elementor-column-wrap elementor-element-populated\">\n\t\t\t\t\t\t\t<div class=\"elementor-widget-wrap\">\n\t\t\t\t\t\t<div class=\"elementor-element elementor-element-6bd054f elementor-widget elementor-widget-heading\" data-id=\"6bd054f\" data-element_type=\"widget\" data-widget_type=\"heading.default\">\n\t\t\t\t<div class=\"elementor-widget-container\">\n\t\t\t<h4 class=\"elementor-heading-title elementor-size-default\">Na shkruani<\/h4>\t\t<\/div>\n\t\t\t\t<\/div>\n\t\t\t\t<div class=\"elementor-element elementor-element-d0469db elementor-widget elementor-widget-stm_contact_form_7\" data-id=\"d0469db\" data-element_type=\"widget\" data-widget_type=\"stm_contact_form_7.default\">\n\t\t\t\t<div class=\"elementor-widget-container\">\n\t\t\t<div role=\"form\" class=\"wpcf7\" id=\"wpcf7-f8109-o1\" lang=\"en-US\" dir=\"ltr\">\n<div class=\"screen-reader-response\"><p role=\"status\" aria-live=\"polite\" aria-atomic=\"true\"><\/p> <ul><\/ul><\/div>\n<form action=\"\/sq\/wp-json\/wp\/v2\/pages\/8104#wpcf7-f8109-o1\" method=\"post\" class=\"wpcf7-form init\" novalidate=\"novalidate\" data-status=\"init\">\n<div style=\"display: none;\">\n<input type=\"hidden\" name=\"_wpcf7\" value=\"8109\" \/>\n<input type=\"hidden\" name=\"_wpcf7_version\" value=\"5.3.2\" \/>\n<input type=\"hidden\" name=\"_wpcf7_locale\" value=\"en_US\" \/>\n<input type=\"hidden\" name=\"_wpcf7_unit_tag\" value=\"wpcf7-f8109-o1\" \/>\n<input type=\"hidden\" name=\"_wpcf7_container_post\" value=\"0\" \/>\n<input type=\"hidden\" name=\"_wpcf7_posted_data_hash\" value=\"\" \/>\n<input type=\"hidden\" name=\"_wpcf7_recaptcha_response\" value=\"\" \/>\n<\/div>\n<div class=\"request_callback\">\n<div class=\"row\" style=\"margin: 0 -13px;\">\n<div class=\"col-lg-6 col-md-6 col-sm-6 col-xs-12\">\n<div class=\"input-group\">\n                <span class=\"wpcf7-form-control-wrap text-name\"><input type=\"text\" name=\"text-name\" value=\"\" size=\"40\" class=\"wpcf7-form-control wpcf7-text wpcf7-validates-as-required\" aria-required=\"true\" aria-invalid=\"false\" placeholder=\"Emri dhe mbiemri *\" \/><\/span>\n            <\/div>\n<div class=\"input-group\">\n                <span class=\"wpcf7-form-control-wrap email\"><input type=\"email\" name=\"email\" value=\"\" size=\"40\" class=\"wpcf7-form-control wpcf7-text wpcf7-email wpcf7-validates-as-required wpcf7-validates-as-email\" aria-required=\"true\" aria-invalid=\"false\" placeholder=\"Adresa juaj e e-mail *\" \/><\/span>\n            <\/div>\n<div class=\"input-group\">\n                <span class=\"wpcf7-form-control-wrap phone\"><input type=\"tel\" name=\"phone\" value=\"\" size=\"40\" class=\"wpcf7-form-control wpcf7-text wpcf7-tel wpcf7-validates-as-required wpcf7-validates-as-tel\" aria-required=\"true\" aria-invalid=\"false\" placeholder=\"Telefoni *\" \/><\/span>\n            <\/div>\n<\/p><\/div>\n<div class=\"col-lg-6 col-md-6 col-sm-6 col-xs-12\">\n<div class=\"input-group\">\n                <span class=\"wpcf7-form-control-wrap message\"><textarea name=\"message\" cols=\"40\" rows=\"10\" class=\"wpcf7-form-control wpcf7-textarea wpcf7-validates-as-required\" aria-required=\"true\" aria-invalid=\"false\" placeholder=\"Mesazh *\"><\/textarea><\/span>\n            <\/div>\n<div class=\"input-group\">\n                <button type=\"submit\" class=\"button size-lg icon_right\">D\u00ebrgoni <i class=\"fa fa-chevron-right\"><\/i><\/button>\n            <\/div>\n<\/p><\/div>\n<\/p><\/div>\n<\/div>\n<div class=\"wpcf7-response-output\" aria-hidden=\"true\"><\/div><\/form><\/div>\t\t<\/div>\n\t\t\t\t<\/div>\n\t\t\t\t\t\t<\/div>\n\t\t\t\t\t<\/div>\n\t\t<\/div>\n\t\t\t\t\t\t\t\t<\/div>\n\t\t\t\t\t<\/div>\n\t\t<\/section>\n\t\t\t\t<section data-particle_enable=\"false\" data-particle-mobile-disabled=\"false\" class=\"elementor-section elementor-top-section elementor-element elementor-element-d046a82 elementor-section-full_width elementor-section-height-default elementor-section-height-default\" data-id=\"d046a82\" data-element_type=\"section\" data-settings=\"{&quot;background_background&quot;:&quot;classic&quot;}\">\n\t\t\t\t\t\t<div class=\"elementor-container elementor-column-gap-no\">\n\t\t\t\t\t\t\t<div class=\"elementor-row\">\n\t\t\t\t\t<div class=\"elementor-column elementor-col-100 elementor-top-column elementor-element elementor-element-d046eff\" data-id=\"d046eff\" data-element_type=\"column\">\n\t\t\t<div class=\"elementor-column-wrap elementor-element-populated\">\n\t\t\t\t\t\t\t<div class=\"elementor-widget-wrap\">\n\t\t\t\t\t\t<div class=\"elementor-element elementor-element-d0472b7 elementor-widget elementor-widget-google_maps\" data-id=\"d0472b7\" data-element_type=\"widget\" data-widget_type=\"google_maps.default\">\n\t\t\t\t<div class=\"elementor-widget-container\">\n\t\t\t<div class=\"elementor-custom-embed\"><iframe frameborder=\"0\" scrolling=\"no\" marginheight=\"0\" marginwidth=\"0\" src=\"https:\/\/maps.google.com\/maps?q=41.9621785%2C%2021.4795371&amp;t=m&amp;z=15&amp;output=embed&amp;iwloc=near\" title=\"41.9621785, 21.4795371\" aria-label=\"41.9621785, 21.4795371\"><\/iframe><\/div>\t\t<\/div>\n\t\t\t\t<\/div>\n\t\t\t\t\t\t<\/div>\n\t\t\t\t\t<\/div>\n\t\t<\/div>\n\t\t\t\t\t\t\t\t<\/div>\n\t\t\t\t\t<\/div>\n\t\t<\/section>\n\t\t\t\t\t\t<\/div>\n\t\t\t\t\t\t<\/div>\n\t\t\t\t\t<\/div>\n\t\t","protected":false},"excerpt":{"rendered":"<p>Kontakte N\u00ebse keni nevoj\u00eb p\u00ebr m\u00eb shum\u00eb informacion n\u00eb lidhje me produktet ose sh\u00ebrbimet tona, na shkruani dhe ne do t&#8217;ju kontaktojm\u00eb sa m\u00eb shpejt t\u00eb jet\u00eb e mundur. Informacionin e kontaktit bul. Boris Trajkovski 240 &#8211; Pintija1000, Shkup R. Maqedonia +389 (02) 24 69 715 +389 (02) 24 63 713 gora&#110;&#64;te&#104;nounion.&#99;&#111;m.&#109;&#107; Na shkruani D\u00ebrgoni<\/p>\n","protected":false},"author":1,"featured_media":0,"parent":0,"menu_order":0,"comment_status":"closed","ping_status":"closed","template":"","meta":[],"_links":{"self":[{"href":"https:\/\/tehnounion.com.mk\/sq\/wp-json\/wp\/v2\/pages\/8104"}],"collection":[{"href":"https:\/\/tehnounion.com.mk\/sq\/wp-json\/wp\/v2\/pages"}],"about":[{"href":"https:\/\/tehnounion.com.mk\/sq\/wp-json\/wp\/v2\/types\/page"}],"author":[{"embeddable":true,"href":"https:\/\/tehnounion.com.mk\/sq\/wp-json\/wp\/v2\/users\/1"}],"replies":[{"embeddable":true,"href":"https:\/\/tehnounion.com.mk\/sq\/wp-json\/wp\/v2\/comments?post=8104"}],"version-history":[{"count":7,"href":"https:\/\/tehnounion.com.mk\/sq\/wp-json\/wp\/v2\/pages\/8104\/revisions"}],"predecessor-version":[{"id":8112,"href":"https:\/\/tehnounion.com.mk\/sq\/wp-json\/wp\/v2\/pages\/8104\/revisions\/8112"}],"wp:attachment":[{"href":"https:\/\/tehnounion.com.mk\/sq\/wp-json\/wp\/v2\/media?parent=8104"}],"curies":[{"name":"wp","href":"https:\/\/api.w.org\/{rel}","templated":true}]}}