{"id":8113,"date":"2020-11-21T16:49:27","date_gmt":"2020-11-21T16:49:27","guid":{"rendered":"https:\/\/tehnounion.web.com.mk\/referentna-lista\/"},"modified":"2021-02-05T09:49:04","modified_gmt":"2021-02-05T08:49:04","slug":"referim","status":"publish","type":"page","link":"https:\/\/tehnounion.com.mk\/sq\/referim\/","title":{"rendered":"Referim"},"content":{"rendered":"\t\t<div data-elementor-type=\"wp-page\" data-elementor-id=\"8113\" class=\"elementor elementor-8113 elementor-6827\" data-elementor-settings=\"[]\">\n\t\t\t\t\t\t<div class=\"elementor-inner\">\n\t\t\t\t\t\t\t<div class=\"elementor-section-wrap\">\n\t\t\t\t\t\t\t<section data-particle_enable=\"false\" data-particle-mobile-disabled=\"false\" class=\"elementor-section elementor-top-section elementor-element elementor-element-61d4920 elementor-section-boxed elementor-section-height-default elementor-section-height-default\" data-id=\"61d4920\" data-element_type=\"section\" data-settings=\"{&quot;background_background&quot;:&quot;classic&quot;}\">\n\t\t\t\t\t\t<div class=\"elementor-container elementor-column-gap-default\">\n\t\t\t\t\t\t\t<div class=\"elementor-row\">\n\t\t\t\t\t<div class=\"elementor-column elementor-col-100 elementor-top-column elementor-element elementor-element-61d4e4f\" data-id=\"61d4e4f\" data-element_type=\"column\">\n\t\t\t<div class=\"elementor-column-wrap elementor-element-populated\">\n\t\t\t\t\t\t\t<div class=\"elementor-widget-wrap\">\n\t\t\t\t\t\t<div class=\"elementor-element elementor-element-da37f83 elementor-widget elementor-widget-vc_custom_heading\" data-id=\"da37f83\" data-element_type=\"widget\" data-widget_type=\"vc_custom_heading.default\">\n\t\t\t\t<div class=\"elementor-widget-container\">\n\t\t\t<div class=\" vc_custom_heading  consulting_heading_font  text_align_left\" ><h3 style=\"text-align: left\" class=\"consulting-custom-title\">Lista referenc\u00eb\n<\/h3><\/div>\t\t<\/div>\n\t\t\t\t<\/div>\n\t\t\t\t<div class=\"elementor-element elementor-element-e381a09 elementor-widget elementor-widget-text-editor\" data-id=\"e381a09\" data-element_type=\"widget\" data-widget_type=\"text-editor.default\">\n\t\t\t\t<div class=\"elementor-widget-container\">\n\t\t\t\t\t<div class=\"elementor-text-editor elementor-clearfix\"><table class=\"refList\" border=\"0\" width=\"550\" cellspacing=\"1\" cellpadding=\"1\">\n<tbody>\n<tr>\n<td>Bosht Split f.Oslomej s.Arangel<\/td>\n<td>29.05.2001<\/td>\n<\/tr>\n<tr>\n<td>Alkali bimore f.Belchishta<\/td>\n<td>29.07.2002<\/td>\n<\/tr>\n<tr>\n<td>Alkali bimore Negotin\u00eb Negotin\u00eb<\/td>\n<td>12.08.2002<\/td>\n<\/tr>\n<tr>\n<td>Alkali bimore f.Mesheishte<\/td>\n<td>11.11.2002<\/td>\n<\/tr>\n<tr>\n<td>Hetimi p\u00ebr pastrimin e l\u00ebngjeve ujore bimore &#8220;Centro Fruta&#8221; Vinic\u00eb<\/td>\n<td>09.07.2003<\/td>\n<\/tr>\n<tr>\n<td>Gazit dhe t\u00eb l\u00ebngshme Alert klorinimit bizele Maqedonia Aeroporti &#8220;Petrovec&#8221; Shkup<\/td>\n<td>01.04.2004<\/td>\n<\/tr>\n<tr>\n<td>Alkali bimore f.Kosel<\/td>\n<td>20.09.2004<\/td>\n<\/tr>\n<tr>\n<td>Alkali bimore f.Podgorici<\/td>\n<td>13.10.2004<\/td>\n<\/tr>\n<tr>\n<td>Filtri pomp\u00eb stacionin stacioni Tikvesh Liqeni<\/td>\n<td>10.12.2004<\/td>\n<\/tr>\n<tr>\n<td>Alkali bimore f.Zajas<\/td>\n<td>15.12.2004<\/td>\n<\/tr>\n<tr>\n<td>Alkali bimore f.Jablanica<\/td>\n<td>26.12.2004<\/td>\n<\/tr>\n<tr>\n<td>Detektor Hetimi klor bizele Maqedonia Aeroporti &#8220;Petrovec&#8221;, Shkup<\/td>\n<td>07.03.2005<\/td>\n<\/tr>\n<tr>\n<td>Operacioni automatike me dy pompa zhytes mbrojtjen e 30 KV bizele Maqedonia Aeroporti &#8220;Petrovec&#8221; t\u00eb Shkupit<\/td>\n<td>27.05.2005<\/td>\n<\/tr>\n<tr>\n<td>Alkali bimore f.Vevchani<\/td>\n<td>30.05.2005<\/td>\n<\/tr>\n<tr>\n<td>Dezinfektimi i tubacionit F 200 7 dhomat e del nga shtrati Gorna Belic\u00ebs, Vishnu, Zagracani p\u00ebr tank f.Veleshta km 13.<\/td>\n<td>31.05.2005<\/td>\n<\/tr>\n<tr>\n<td>Rezervuar uji f.Sinichane Tetov\u00eb<\/td>\n<td>01.07.2005<\/td>\n<\/tr>\n<tr>\n<td>Alkali stacioni f.Sinichane Tetov\u00eb<\/td>\n<td>07.07.2005<\/td>\n<\/tr>\n<tr>\n<td>Dezinfektimi tank f.Sinichane Tetov\u00eb<\/td>\n<td>25.07.2005<\/td>\n<\/tr>\n<tr>\n<td>Alkali bimore TQ Oslomej f.Oslomej K\u00ebr\u00e7ova<\/td>\n<td>19.10.2005<\/td>\n<\/tr>\n<tr>\n<td>Detektor klorit klor stacion p\u00ebr K.P.K &#8220;Boshava&#8221; Demir Kapi<\/td>\n<td>28.06.2006<\/td>\n<\/tr>\n<tr>\n<td>Alkali stacion K.P.K Komunalec &#8211; Demir Hisar<\/td>\n<td>25.07.2006<\/td>\n<\/tr>\n<tr>\n<td>Alkali bim\u00ebt Qendra Zbavitje &#8220;bubullima&#8221; Prishtin\u00eb &#8211; Kosov\u00eb<\/td>\n<td>16.05.2007<\/td>\n<\/tr>\n<tr>\n<td>Stacione alkali K.P.K. Komunalec &#8211; Kavadarci<\/td>\n<td>09.01.2008<\/td>\n<\/tr>\n<tr>\n<td>Bim\u00ebt alkali K.K. Hidraulik &#8211; Shkup me pjes\u00eb rezerv\u00eb p\u00ebr nj\u00eb vit pas dokumentacionin e tenderit.<\/td>\n<td>18.01.2008<\/td>\n<\/tr>\n<tr>\n<td>Alkali bimore K.P.K Shkup Mali i Zi &#8211; f Mirkovci &#8211; Shkup<\/td>\n<td>\u00a0<\/td>\n<\/tr>\n<tr>\n<td>Alkali bimore K.P.K Higjiena Labunishta<\/td>\n<td>20.08.2008<\/td>\n<\/tr>\n<tr>\n<td>Akvaokt Alkali stacion &#8211; Oktisi<\/td>\n<td>16.09.2008<\/td>\n<\/tr>\n<tr>\n<td>Alkali stacion K.P.K Komunalec &#8211; K\u00ebr\u00e7ov\u00eb f.Bichinci<\/td>\n<td>09.10.2008<\/td>\n<\/tr>\n<tr>\n<td>Alkali bimore f.Jurumleri q.Ilinden<\/td>\n<td>15.12.2008<\/td>\n<\/tr>\n<tr>\n<td>Ulluqet seksion f.Borovec Strug\u00ebs<\/td>\n<td>24.05.2009<\/td>\n<\/tr>\n<tr>\n<td>Alkali stacioni f.Brvenica Tetov\u00eb<\/td>\n<td>02.07.2009<\/td>\n<\/tr>\n<tr>\n<td>Alkali Bulmet bimore Qum\u00ebsht Dej Sveti Nikole<\/td>\n<td>12.03.2010<\/td>\n<\/tr>\n<tr>\n<td>Bimore Alkali &#8211; TAV Tepe AKFEN Shkupit Aleksandri i Madh Aeroporti<\/td>\n<td>16.07.2010<\/td>\n<\/tr>\n<tr>\n<td>Alkali bimore K.P.K Obleshev\u00eb fshatin. Kuchichino<\/td>\n<td>29.10.2010<\/td>\n<\/tr>\n<tr>\n<td>Alkali bimore K.P.K Kale &#8211; Centar Zhupa<\/td>\n<td>12.10.2010<\/td>\n<\/tr>\n<tr>\n<td>Bim\u00ebt e ujit K.P.K alkali dhe Kanalizimeve-Shkup me pjes\u00eb k\u00ebmbimi nj\u00eb vit pas p\u00ebr dokumentacionin e tenderit.<\/td>\n<td>17.11.2010<\/td>\n<\/tr>\n<tr>\n<td>Alkali bimore BTA Catering &#8211; Shkup Aleksandri i Madh Aeroporti<\/td>\n<td>12.01.2011<\/td>\n<\/tr>\n<tr>\n<td>Alkali qum\u00ebshtit bimore &#8220;Meshkujt&#8221; Stojmirovo Berov\u00eb<\/td>\n<td>25.03.2011<\/td>\n<\/tr>\n<tr>\n<td>Alkali qum\u00ebshtit bimore &#8220;Blegtori&#8221; Bogdanci<\/td>\n<td>07.04.2011<\/td>\n<\/tr>\n<tr>\n<td>Alkali stacion K.P.K Komunalec &#8211; Gjevgjeli f.Prdejci<\/td>\n<td>28.07.2011<\/td>\n<\/tr>\n<tr>\n<td>Bimore Alkali &#8211; Chicken Farm f.Palikura Rosoman<\/td>\n<td>16.11.2011<\/td>\n<\/tr>\n<tr>\n<td>Alkali pulave Farm bimore &#8211; Rosoman<\/td>\n<td>02.12.2011<\/td>\n<\/tr>\n<tr>\n<td>Alkali lokale Stacioni Qeveria f.Pirava Valandovo<\/td>\n<td>17.11.2011<\/td>\n<\/tr>\n<tr>\n<td>Alkali bimore SSOU &#8220;Mosa Pijade&#8221; &#8211; Tetov\u00eb<\/td>\n<td>19.04.2012<\/td>\n<\/tr>\n<tr>\n<td>Alkali bimore K.P.K &#8220;Boshava&#8221; Demir Kapi f.Przhlevo<\/td>\n<td>05.07.2012<\/td>\n<\/tr>\n<tr>\n<td>Alkali Motel Restaurant Stacioni qes &#8211; Kavadarci<\/td>\n<td>12.07.2012<\/td>\n<\/tr>\n<tr>\n<td>Bimore Alkali K.P.K &#8220;Beaver&#8221; Kuceviste &#8211; Shkup<\/td>\n<td>25.07.2012<\/td>\n<\/tr>\n<tr>\n<td>Alkali bimore &#8220;Ugotajm&#8221; Sht\u00ebpia e Artit &#8211; K\u00ebr\u00e7ov\u00eb<\/td>\n<td>\u00a0<\/td>\n<\/tr>\n<tr>\n<td>Alkali bimore. K.K &#8220;Sh\u00ebrbimeve komunale&#8221; Valandovo<\/td>\n<td>16.08.2012<\/td>\n<\/tr>\n<tr>\n<td>Alkali stacioni MIT &#8220;Karnem &#8221; f.Zubovce Gostivar<\/td>\n<td>11.09.2012<\/td>\n<\/tr>\n<\/tbody>\n<\/table>\n<p>\u00a0<\/p>\n<\/div>\n\t\t\t\t<\/div>\n\t\t\t\t<\/div>\n\t\t\t\t\t\t<\/div>\n\t\t\t\t\t<\/div>\n\t\t<\/div>\n\t\t\t\t<div class=\"elementor-column elementor-col-25 elementor-top-column elementor-element elementor-element-61d7556 elementor-hidden-tablet elementor-hidden-phone\" data-id=\"61d7556\" data-element_type=\"column\">\n\t\t\t<div class=\"elementor-column-wrap elementor-element-populated\">\n\t\t\t\t\t\t\t<div class=\"elementor-widget-wrap\">\n\t\t\t\t\t\t<div class=\"elementor-element elementor-element-61d7930 elementor-widget elementor-widget-stm_sidebar\" data-id=\"61d7930\" data-element_type=\"widget\" data-widget_type=\"stm_sidebar.default\">\n\t\t\t\t<div class=\"elementor-widget-container\">\n\t\t\t\n<div class=\"stm_sidebar consulting_elementor_sidebar\">\n\n            \t\t<div data-elementor-type=\"wp-post\" data-elementor-id=\"8118\" class=\"elementor elementor-8118 elementor-619\" data-elementor-settings=\"[]\">\n\t\t\t\t\t\t<div class=\"elementor-inner\">\n\t\t\t\t\t\t\t<div class=\"elementor-section-wrap\">\n\t\t\t\t\t\t\t<section data-particle_enable=\"false\" data-particle-mobile-disabled=\"false\" class=\"elementor-section elementor-top-section elementor-element elementor-element-0a0cf1a elementor-section-boxed elementor-section-height-default elementor-section-height-default\" data-id=\"0a0cf1a\" data-element_type=\"section\">\n\t\t\t\t\t\t<div class=\"elementor-container elementor-column-gap-default\">\n\t\t\t\t\t\t\t<div class=\"elementor-row\">\n\t\t\t\t\t<div class=\"elementor-column elementor-col-100 elementor-top-column elementor-element elementor-element-0a0d3c5\" data-id=\"0a0d3c5\" data-element_type=\"column\">\n\t\t\t<div class=\"elementor-column-wrap elementor-element-populated\">\n\t\t\t\t\t\t\t<div class=\"elementor-widget-wrap\">\n\t\t\t\t\t\t<div class=\"elementor-element elementor-element-0a0df21 elementor-align-left elementor-widget elementor-widget-button\" data-id=\"0a0df21\" data-element_type=\"widget\" data-widget_type=\"button.default\">\n\t\t\t\t<div class=\"elementor-widget-container\">\n\t\t\t\t\t<div class=\"elementor-button-wrapper icon_align_left  button_block\">\n\t\t\t<a href=\"#\" class=\"elementor-button-link elementor-button elementor-size-lg\" role=\"button\">\n\t\t\t\t\t\t<span class=\"elementor-button-content-wrapper\">\n\t\t\t\t\t\t<span class=\"elementor-button-icon elementor-align-icon-left\">\n\t\t\t\t<i aria-hidden=\"true\" class=\"fa fa-file-pdf-o\"><\/i>\t\t\t<\/span>\n\t\t\t\t\t\t<span class=\"elementor-button-text\">Katalogu<\/span>\n\t\t<\/span>\n\t\t\t\t\t<\/a>\n\t\t<\/div>\n\t\t\t\t<\/div>\n\t\t\t\t<\/div>\n\t\t\t\t\t\t<\/div>\n\t\t\t\t\t<\/div>\n\t\t<\/div>\n\t\t\t\t\t\t\t\t<\/div>\n\t\t\t\t\t<\/div>\n\t\t<\/section>\n\t\t\t\t<section data-particle_enable=\"false\" data-particle-mobile-disabled=\"false\" class=\"elementor-section elementor-top-section elementor-element elementor-element-0a0eb3e third_bg_color elementor-section-boxed elementor-section-height-default elementor-section-height-default\" data-id=\"0a0eb3e\" data-element_type=\"section\" data-settings=\"{&quot;background_background&quot;:&quot;classic&quot;}\">\n\t\t\t\t\t\t<div class=\"elementor-container elementor-column-gap-default\">\n\t\t\t\t\t\t\t<div class=\"elementor-row\">\n\t\t\t\t\t<div class=\"elementor-column elementor-col-100 elementor-top-column elementor-element elementor-element-0a0efb3\" data-id=\"0a0efb3\" data-element_type=\"column\" data-settings=\"{&quot;background_background&quot;:&quot;classic&quot;}\">\n\t\t\t<div class=\"elementor-column-wrap elementor-element-populated\">\n\t\t\t\t\t\t\t<div class=\"elementor-widget-wrap\">\n\t\t\t\t\t\t<div class=\"elementor-element elementor-element-0a0f339 elementor-widget elementor-widget-vc_custom_heading\" data-id=\"0a0f339\" data-element_type=\"widget\" data-widget_type=\"vc_custom_heading.default\">\n\t\t\t\t<div class=\"elementor-widget-container\">\n\t\t\t<div class=\" vc_custom_heading  consulting_heading_font  text_align_left title_no_stripe\" ><h4 style=\"font-size: 16px;color: #222222;text-align: left;font-weight:700\" class=\"consulting-custom-title\">Uj\u00eb t\u00eb past\u00ebr p\u00ebr Bot\u00eb me t\u00eb sh\u00ebndetshme,<br \/>\nNe e dim\u00eb se si t\u00eb drejtimin e Ujit!\n<\/h4><\/div>\t\t<\/div>\n\t\t\t\t<\/div>\n\t\t\t\t<div class=\"elementor-element elementor-element-0a0f5f8 elementor-widget elementor-widget-text-editor\" data-id=\"0a0f5f8\" data-element_type=\"widget\" data-widget_type=\"text-editor.default\">\n\t\t\t\t<div class=\"elementor-widget-container\">\n\t\t\t\t\t<div class=\"elementor-text-editor elementor-clearfix\"><p><span style=\"font-size: 13px; line-height: 22px; color: #222222;\">Na kontaktoni p\u00ebr informacione dhe pyetje shtes\u00eb!<\/span><\/p>\n<\/div>\n\t\t\t\t<\/div>\n\t\t\t\t<\/div>\n\t\t\t\t<div class=\"elementor-element elementor-element-0a0f833 elementor-widget__width-auto elementor-widget elementor-widget-button\" data-id=\"0a0f833\" data-element_type=\"widget\" data-widget_type=\"button.default\">\n\t\t\t\t<div class=\"elementor-widget-container\">\n\t\t\t\t\t<div class=\"elementor-button-wrapper icon_align_left  \">\n\t\t\t<a href=\"https:\/\/tehnounion.com.mk\/sq\/kontakte\/\" class=\"elementor-button-link elementor-button elementor-size-sm\" role=\"button\">\n\t\t\t\t\t\t<span class=\"elementor-button-content-wrapper\">\n\t\t\t\t\t\t<span class=\"elementor-button-icon elementor-align-icon-left\">\n\t\t\t\t<i aria-hidden=\"true\" class=\"fa fa-phone-square\"><\/i>\t\t\t<\/span>\n\t\t\t\t\t\t<span class=\"elementor-button-text\">Kontakte<\/span>\n\t\t<\/span>\n\t\t\t\t\t<\/a>\n\t\t<\/div>\n\t\t\t\t<\/div>\n\t\t\t\t<\/div>\n\t\t\t\t\t\t<\/div>\n\t\t\t\t\t<\/div>\n\t\t<\/div>\n\t\t\t\t\t\t\t\t<\/div>\n\t\t\t\t\t<\/div>\n\t\t<\/section>\n\t\t\t\t<section data-particle_enable=\"false\" data-particle-mobile-disabled=\"false\" class=\"elementor-section elementor-top-section elementor-element elementor-element-0a10158 elementor-section-boxed elementor-section-height-default elementor-section-height-default\" data-id=\"0a10158\" data-element_type=\"section\" data-settings=\"{&quot;background_background&quot;:&quot;classic&quot;}\">\n\t\t\t\t\t\t<div class=\"elementor-container elementor-column-gap-default\">\n\t\t\t\t\t\t\t<div class=\"elementor-row\">\n\t\t\t\t\t<div class=\"elementor-column elementor-col-100 elementor-top-column elementor-element elementor-element-0a10566\" data-id=\"0a10566\" data-element_type=\"column\">\n\t\t\t<div class=\"elementor-column-wrap elementor-element-populated\">\n\t\t\t\t\t\t\t<div class=\"elementor-widget-wrap\">\n\t\t\t\t\t\t<div class=\"elementor-element elementor-element-1aef07b elementor-widget elementor-widget-heading\" data-id=\"1aef07b\" data-element_type=\"widget\" data-widget_type=\"heading.default\">\n\t\t\t\t<div class=\"elementor-widget-container\">\n\t\t\t<h4 class=\"elementor-heading-title elementor-size-default\">Partner\u00eb<\/h4>\t\t<\/div>\n\t\t\t\t<\/div>\n\t\t\t\t<div class=\"elementor-element elementor-element-9cf9f09 gallery-spacing-custom elementor-widget elementor-widget-image-gallery\" data-id=\"9cf9f09\" data-element_type=\"widget\" data-widget_type=\"image-gallery.default\">\n\t\t\t\t<div class=\"elementor-widget-container\">\n\t\t\t\t\t<div class=\"elementor-image-gallery\">\n\t\t\t<div id='gallery-1' class='gallery galleryid-8113 gallery-columns-1 gallery-size-full'><figure class='gallery-item'>\n\t\t\t<div class='gallery-icon landscape'>\n\t\t\t\t<img width=\"225\" height=\"80\" src=\"https:\/\/tehnounion.com.mk\/wp-content\/uploads\/2020\/11\/logo_0000_antech-e1607673651845.jpg\" class=\"attachment-full size-full\" alt=\"\" loading=\"lazy\" \/>\n\t\t\t<\/div><\/figure><figure class='gallery-item'>\n\t\t\t<div class='gallery-icon landscape'>\n\t\t\t\t<img width=\"225\" height=\"80\" src=\"https:\/\/tehnounion.com.mk\/wp-content\/uploads\/2020\/11\/logo_0001_logo_cintr_prod1-e1607673624545.jpg\" class=\"attachment-full size-full\" alt=\"\" loading=\"lazy\" \/>\n\t\t\t<\/div><\/figure><figure class='gallery-item'>\n\t\t\t<div class='gallery-icon landscape'>\n\t\t\t\t<img width=\"225\" height=\"80\" src=\"https:\/\/tehnounion.com.mk\/wp-content\/uploads\/2020\/11\/logo_0002_Diehl_metering_petrol_4c-e1607673584856.jpg\" class=\"attachment-full size-full\" alt=\"\" loading=\"lazy\" \/>\n\t\t\t<\/div><\/figure><figure class='gallery-item'>\n\t\t\t<div class='gallery-icon landscape'>\n\t\t\t\t<img width=\"225\" height=\"80\" src=\"https:\/\/tehnounion.com.mk\/wp-content\/uploads\/2020\/11\/logo_0003_logo_elis-e1607673556157.jpg\" class=\"attachment-full size-full\" alt=\"\" loading=\"lazy\" \/>\n\t\t\t<\/div><\/figure><figure class='gallery-item'>\n\t\t\t<div class='gallery-icon landscape'>\n\t\t\t\t<img width=\"225\" height=\"80\" src=\"https:\/\/tehnounion.com.mk\/wp-content\/uploads\/2020\/11\/logo_0004_HS-Logo-e1607673452877.jpg\" class=\"attachment-full size-full\" alt=\"\" loading=\"lazy\" \/>\n\t\t\t<\/div><\/figure><figure class='gallery-item'>\n\t\t\t<div class='gallery-icon landscape'>\n\t\t\t\t<img width=\"225\" height=\"80\" src=\"https:\/\/tehnounion.com.mk\/wp-content\/uploads\/2020\/11\/logo_0005_logo_en-e1607673413604.jpg\" class=\"attachment-full size-full\" alt=\"\" loading=\"lazy\" \/>\n\t\t\t<\/div><\/figure><figure class='gallery-item'>\n\t\t\t<div class='gallery-icon landscape'>\n\t\t\t\t<img width=\"255\" height=\"80\" src=\"https:\/\/tehnounion.com.mk\/wp-content\/uploads\/2020\/12\/Logoa-e1607673673691.jpg\" class=\"attachment-full size-full\" alt=\"\" loading=\"lazy\" \/>\n\t\t\t<\/div><\/figure><figure class='gallery-item'>\n\t\t\t<div class='gallery-icon landscape'>\n\t\t\t\t<img width=\"255\" height=\"80\" src=\"https:\/\/tehnounion.com.mk\/wp-content\/uploads\/2020\/12\/vatek-e1607673700562.jpg\" class=\"attachment-full size-full\" alt=\"\" loading=\"lazy\" \/>\n\t\t\t<\/div><\/figure>\n\t\t<\/div>\n\t\t<\/div>\n\t\t\t\t<\/div>\n\t\t\t\t<\/div>\n\t\t\t\t<div class=\"elementor-element elementor-element-69ef78a elementor-widget elementor-widget-text-editor\" data-id=\"69ef78a\" data-element_type=\"widget\" data-widget_type=\"text-editor.default\">\n\t\t\t\t<div class=\"elementor-widget-container\">\n\t\t\t\t\t<div class=\"elementor-text-editor elementor-clearfix\"><\/div>\n\t\t\t\t<\/div>\n\t\t\t\t<\/div>\n\t\t\t\t\t\t<\/div>\n\t\t\t\t\t<\/div>\n\t\t<\/div>\n\t\t\t\t\t\t\t\t<\/div>\n\t\t\t\t\t<\/div>\n\t\t<\/section>\n\t\t\t\t\t\t<\/div>\n\t\t\t\t\t\t<\/div>\n\t\t\t\t\t<\/div>\n\t\t    \n<\/div>\t\t<\/div>\n\t\t\t\t<\/div>\n\t\t\t\t\t\t<\/div>\n\t\t\t\t\t<\/div>\n\t\t<\/div>\n\t\t\t\t\t\t\t\t<\/div>\n\t\t\t\t\t<\/div>\n\t\t<\/section>\n\t\t\t\t\t\t<\/div>\n\t\t\t\t\t\t<\/div>\n\t\t\t\t\t<\/div>\n\t\t","protected":false},"excerpt":{"rendered":"<p>Lista referenc\u00eb Bosht Split f.Oslomej s.Arangel 29.05.2001 Alkali bimore f.Belchishta 29.07.2002 Alkali bimore Negotin\u00eb Negotin\u00eb 12.08.2002 Alkali bimore f.Mesheishte 11.11.2002 Hetimi p\u00ebr pastrimin e l\u00ebngjeve ujore bimore &#8220;Centro Fruta&#8221; Vinic\u00eb 09.07.2003 Gazit dhe t\u00eb l\u00ebngshme Alert klorinimit bizele Maqedonia Aeroporti &#8220;Petrovec&#8221; Shkup 01.04.2004 Alkali bimore f.Kosel 20.09.2004 Alkali bimore f.Podgorici 13.10.2004 Filtri pomp\u00eb stacionin stacioni<\/p>\n","protected":false},"author":1,"featured_media":0,"parent":0,"menu_order":0,"comment_status":"closed","ping_status":"closed","template":"","meta":[],"_links":{"self":[{"href":"https:\/\/tehnounion.com.mk\/sq\/wp-json\/wp\/v2\/pages\/8113"}],"collection":[{"href":"https:\/\/tehnounion.com.mk\/sq\/wp-json\/wp\/v2\/pages"}],"about":[{"href":"https:\/\/tehnounion.com.mk\/sq\/wp-json\/wp\/v2\/types\/page"}],"author":[{"embeddable":true,"href":"https:\/\/tehnounion.com.mk\/sq\/wp-json\/wp\/v2\/users\/1"}],"replies":[{"embeddable":true,"href":"https:\/\/tehnounion.com.mk\/sq\/wp-json\/wp\/v2\/comments?post=8113"}],"version-history":[{"count":10,"href":"https:\/\/tehnounion.com.mk\/sq\/wp-json\/wp\/v2\/pages\/8113\/revisions"}],"predecessor-version":[{"id":8138,"href":"https:\/\/tehnounion.com.mk\/sq\/wp-json\/wp\/v2\/pages\/8113\/revisions\/8138"}],"wp:attachment":[{"href":"https:\/\/tehnounion.com.mk\/sq\/wp-json\/wp\/v2\/media?parent=8113"}],"curies":[{"name":"wp","href":"https:\/\/api.w.org\/{rel}","templated":true}]}}