{"id":8139,"date":"2020-11-21T14:23:52","date_gmt":"2020-11-21T14:23:52","guid":{"rendered":"https:\/\/tehnounion.web.com.mk\/za-nas\/"},"modified":"2021-02-05T09:53:56","modified_gmt":"2021-02-05T08:53:56","slug":"rreth-nesh","status":"publish","type":"page","link":"https:\/\/tehnounion.com.mk\/sq\/rreth-nesh\/","title":{"rendered":"Rreth nesh"},"content":{"rendered":"\t\t<div data-elementor-type=\"wp-page\" data-elementor-id=\"8139\" class=\"elementor elementor-8139 elementor-6796\" data-elementor-settings=\"[]\">\n\t\t\t\t\t\t<div class=\"elementor-inner\">\n\t\t\t\t\t\t\t<div class=\"elementor-section-wrap\">\n\t\t\t\t\t\t\t<section data-particle_enable=\"false\" data-particle-mobile-disabled=\"false\" class=\"elementor-section elementor-top-section elementor-element elementor-element-61d4920 elementor-section-boxed elementor-section-height-default elementor-section-height-default\" data-id=\"61d4920\" data-element_type=\"section\" data-settings=\"{&quot;background_background&quot;:&quot;classic&quot;}\">\n\t\t\t\t\t\t<div class=\"elementor-container elementor-column-gap-default\">\n\t\t\t\t\t\t\t<div class=\"elementor-row\">\n\t\t\t\t\t<div class=\"elementor-column elementor-col-100 elementor-top-column elementor-element elementor-element-61d4e4f\" data-id=\"61d4e4f\" data-element_type=\"column\">\n\t\t\t<div class=\"elementor-column-wrap elementor-element-populated\">\n\t\t\t\t\t\t\t<div class=\"elementor-widget-wrap\">\n\t\t\t\t\t\t<div class=\"elementor-element elementor-element-e0f9a15 elementor-widget elementor-widget-vc_custom_heading\" data-id=\"e0f9a15\" data-element_type=\"widget\" data-widget_type=\"vc_custom_heading.default\">\n\t\t\t\t<div class=\"elementor-widget-container\">\n\t\t\t<div class=\" vc_custom_heading  consulting_heading_font  text_align_left\" ><h3 style=\"text-align: left\" class=\"consulting-custom-title\">Rreth nesh<\/h3><\/div>\t\t<\/div>\n\t\t\t\t<\/div>\n\t\t\t\t<div class=\"elementor-element elementor-element-61d541a elementor-widget elementor-widget-text-editor\" data-id=\"61d541a\" data-element_type=\"widget\" data-widget_type=\"text-editor.default\">\n\t\t\t\t<div class=\"elementor-widget-container\">\n\t\t\t\t\t<div class=\"elementor-text-editor elementor-clearfix\"><p>Tehnounion MTD u themelua n\u00eb vitin 1991. N\u00eb fillimin kompania merrej me tregti me<em>\u00a0shumic\u00eb dhe pakic\u00eb.\u00a0<\/em>Ne kemi punuar me materialet hidraulike, pompat, hydrophoret, kryesisht p\u00ebr nevojat e bashkeqytetareve.<\/p>\n<p>Si\u00e7 eshte zhvilluar tregtia, eshte zmadhuar edhe nevoja p\u00ebr zgjerimin e kompanis\u00eb son\u00eb, k\u00ebshtu q\u00eb kemi filluar me zgjerimin e rrjetit t\u00eb shitjes me pakic\u00eb n\u00eb qytet.<\/p>\n<p>Tehnounion MTD kishte tre objekte p\u00ebr shitjen me pakic\u00eb q\u00eb ofronin nj\u00eb asortiment t\u00eb gjer\u00eb t\u00eb produkteve dhe sh\u00ebrbimeve p\u00ebr hidro-instalime.<\/p>\n<\/div>\n\t\t\t\t<\/div>\n\t\t\t\t<\/div>\n\t\t\t\t<div class=\"elementor-element elementor-element-61d5682 elementor-widget elementor-widget-text-editor\" data-id=\"61d5682\" data-element_type=\"widget\" data-widget_type=\"text-editor.default\">\n\t\t\t\t<div class=\"elementor-widget-container\">\n\t\t\t\t\t<div class=\"elementor-text-editor elementor-clearfix\"><blockquote>\n<p>E gjith\u00eb kjo ka ngritur \u00e7\u00ebshtjen se \u00e7far\u00eb do te behej m\u00eb tej, dhe n\u00eb periudh\u00ebn nga viti 1995 filloi zgjerimi i aktivitetit p\u00ebr hidro pajisje, q\u00eb filloi me instalimin e objekteve hidraulike t\u00eb cil\u00ebt sherbenin p\u00ebr t\u00eb rritur presionin e ujit dhe sherbenin per mbrojtjen e objekteve nga zjarri.<\/p>\n<\/blockquote>\n<\/div>\n\t\t\t\t<\/div>\n\t\t\t\t<\/div>\n\t\t\t\t<div class=\"elementor-element elementor-element-61dc1eb elementor-widget elementor-widget-text-editor\" data-id=\"61dc1eb\" data-element_type=\"widget\" data-widget_type=\"text-editor.default\">\n\t\t\t\t<div class=\"elementor-widget-container\">\n\t\t\t\t\t<div class=\"elementor-text-editor elementor-clearfix\"><div class=\"contentMain2\">\n<article class=\"node-29 node node-inner view-mode-full clearfix\">\n<div class=\"field field-name-body field-type-text-with-summary field-label-hidden\">\n<div class=\"field-items\">\n<div class=\"field-item even\">\n<div class=\"rtejustify\">\n<p>Tehnounion MTD e ka realizuar kete aktivitet n\u00eb bashk\u00ebpunim me firm\u00ebn HIDROMONTAZHA nga Sarajeva. N\u00eb k\u00ebt\u00eb m\u00ebnyre filloi nj\u00eb specializim m\u00eb i madh p\u00ebr trajtimin dhe p\u00ebrmir\u00ebsimin e pajisjes s\u00eb klorizimit t\u00eb ujit me qaz dhe klorizimit t\u00eb ujit te lengshem.<\/p>\n<p>P\u00ebr k\u00ebt\u00eb p\u00ebrmir\u00ebsimin ishte e nevojshme t\u00eb kontaktohet me firmat e specializuara dhe lider\u00ebt\u00a0 evropiane te biznesit te tij.<\/p>\n<p>N\u00eb fillim kemi punuar me ETATRON firma italiane, e cila prodhonte pompat m\u00eb t\u00eb mira p\u00ebr klorizimin e ujit t\u00eb l\u00ebngshem.<\/p>\n<p>Klorizimin e ujit me qaz kemi filluar ta b\u00ebjm\u00eb n\u00eb bashk\u00ebpunim me firm\u00ebn AQVA INTERMA nga Serbia, HIDRO SANITAS\u00a0 Serbia, si dhe me firm\u00ebn HIDROINSTRUMENTS nga SHBA-ja.<\/p>\n<p>\u00cbsht\u00eb e r\u00ebnd\u00ebsishme t\u00eb theksohet se punonj\u00ebsit e kan\u00eb pranuar trajnimin e drejt\u00ebp\u00ebrdrejt\u00eb p\u00ebr k\u00ebt\u00eb pun\u00eb q\u00eb k\u00ebrkonte nj\u00eb p\u00ebrmir\u00ebsim m\u00eb te madh.<\/p>\n<p>Trajnimet e p\u00ebrshtatshme p\u00ebr pajisjet, sherbimin dhe instalimin i kan\u00eb realizuar jasht\u00eb vendit. Si p\u00ebrfaq\u00ebsues t\u00eb kompanive m\u00eb t\u00eb cil\u00ebt bashk\u00ebpunonim, kishim mund\u00ebsin\u00eb t\u00eb bashk\u00ebpunojm\u00eb me profesionist\u00eb n\u00eb fush\u00ebn e tyre, nje gje e cila kishte r\u00ebnd\u00ebsi t\u00eb madhe p\u00ebr t\u00eb p\u00ebrmbushur m\u00eb mir\u00eb nevojat e tregut t\u00eb brendsh\u00ebm.<\/p>\n<p>Pastaj kemi instalimet e objekteve t\u00eb shumta, instalimet e stacioneve t\u00eb klorizimit t\u00eb ujit me gaz dhe stacionet p\u00ebr klorizimin e ujit t\u00eb l\u00ebngshem.<\/p>\n<p>Me p\u00ebrmir\u00ebsimin dhe zhvillimin e k\u00ebsaj fushe Tehnounion MTD u b\u00eb nj\u00eb lider n\u00eb Republik\u00ebn e Maqedonis\u00eb.<\/p>\n<p>N\u00eb fush\u00ebn e zhvillimit Tehnounion MTD filloi me shitjen e matesave t\u00eb ujit n\u00eb asortimentin e plot\u00eb duke p\u00ebrfshir\u00eb matesat e ujit sht\u00ebpiake dhe matesat e ujit p\u00ebr industrin\u00eb. Tehnounion MTD e ka zgjeruar aktivitetin e saj e dhe n\u00eb k\u00ebt\u00eb fush\u00eb. P\u00ebrve\u00e7 shitjes kemi filluar me trajnimin p\u00ebr sh\u00ebrbimin dhe instalimin e mat\u00ebsave t\u00eb ujit vendas dhe t\u00eb huaj.<\/p>\n<p>P\u00ebr k\u00ebt\u00eb q\u00ebllim, kemi filluar me trajnimin n\u00eb firm\u00ebn italiane Madalena, MOM Hungari,\u00a0 me t\u00eb cilen n\u00eb p\u00ebrgjith\u00ebsi e kemi p\u00ebrmir\u00ebsuar teknik\u00ebn e nevojshme p\u00ebr pun\u00eb.<\/p>\n<p>Me nevoj\u00ebn p\u00ebr mbylljen e plot\u00eb e procesit t\u00eb shitjes, servisi i matesave t\u00eb ujit kishte nevoj\u00eb p\u00ebr kalibrimin e tyre.<\/p>\n<p>Tehnounion MTD e ka zgjidhur plot\u00ebsisht edhe k\u00ebt\u00eb sfid\u00eb n\u00eb m\u00ebnyr\u00eb q\u00eb t\u00eb hapet LABORATORI I AKREDITUAR DIXHITAL I KALIBRIMIT.<\/p>\n<p>Me k\u00ebt\u00eb Maqedonia mori nj\u00eb firm\u00eb te specializuar p\u00ebr shitjen e pajisjeve p\u00ebr klorizimin e\u00a0 ujit me gaz dhe klorizimin e ujit t\u00eb l\u00ebngshem si dhe per shitjen dhe servisin p\u00ebr kalibrimin e mat\u00ebsve t\u00eb ujit.<\/p>\n<\/div>\n<\/div>\n<\/div>\n<\/div>\n<\/article>\n<\/div>\n<\/div>\n\t\t\t\t<\/div>\n\t\t\t\t<\/div>\n\t\t\t\t\t\t<\/div>\n\t\t\t\t\t<\/div>\n\t\t<\/div>\n\t\t\t\t<div class=\"elementor-column elementor-col-25 elementor-top-column elementor-element elementor-element-61d7556 elementor-hidden-tablet elementor-hidden-phone\" data-id=\"61d7556\" data-element_type=\"column\">\n\t\t\t<div class=\"elementor-column-wrap elementor-element-populated\">\n\t\t\t\t\t\t\t<div class=\"elementor-widget-wrap\">\n\t\t\t\t\t\t<div class=\"elementor-element elementor-element-61d7930 elementor-widget elementor-widget-stm_sidebar\" data-id=\"61d7930\" data-element_type=\"widget\" data-widget_type=\"stm_sidebar.default\">\n\t\t\t\t<div class=\"elementor-widget-container\">\n\t\t\t\n<div class=\"stm_sidebar consulting_elementor_sidebar\">\n\n            \t\t<div data-elementor-type=\"wp-post\" data-elementor-id=\"8118\" class=\"elementor elementor-8118 elementor-619\" data-elementor-settings=\"[]\">\n\t\t\t\t\t\t<div class=\"elementor-inner\">\n\t\t\t\t\t\t\t<div class=\"elementor-section-wrap\">\n\t\t\t\t\t\t\t<section data-particle_enable=\"false\" data-particle-mobile-disabled=\"false\" class=\"elementor-section elementor-top-section elementor-element elementor-element-0a0cf1a elementor-section-boxed elementor-section-height-default elementor-section-height-default\" data-id=\"0a0cf1a\" data-element_type=\"section\">\n\t\t\t\t\t\t<div class=\"elementor-container elementor-column-gap-default\">\n\t\t\t\t\t\t\t<div class=\"elementor-row\">\n\t\t\t\t\t<div class=\"elementor-column elementor-col-100 elementor-top-column elementor-element elementor-element-0a0d3c5\" data-id=\"0a0d3c5\" data-element_type=\"column\">\n\t\t\t<div class=\"elementor-column-wrap elementor-element-populated\">\n\t\t\t\t\t\t\t<div class=\"elementor-widget-wrap\">\n\t\t\t\t\t\t<div class=\"elementor-element elementor-element-0a0df21 elementor-align-left elementor-widget elementor-widget-button\" data-id=\"0a0df21\" data-element_type=\"widget\" data-widget_type=\"button.default\">\n\t\t\t\t<div class=\"elementor-widget-container\">\n\t\t\t\t\t<div class=\"elementor-button-wrapper icon_align_left  button_block\">\n\t\t\t<a href=\"#\" class=\"elementor-button-link elementor-button elementor-size-lg\" role=\"button\">\n\t\t\t\t\t\t<span class=\"elementor-button-content-wrapper\">\n\t\t\t\t\t\t<span class=\"elementor-button-icon elementor-align-icon-left\">\n\t\t\t\t<i aria-hidden=\"true\" class=\"fa fa-file-pdf-o\"><\/i>\t\t\t<\/span>\n\t\t\t\t\t\t<span class=\"elementor-button-text\">Katalogu<\/span>\n\t\t<\/span>\n\t\t\t\t\t<\/a>\n\t\t<\/div>\n\t\t\t\t<\/div>\n\t\t\t\t<\/div>\n\t\t\t\t\t\t<\/div>\n\t\t\t\t\t<\/div>\n\t\t<\/div>\n\t\t\t\t\t\t\t\t<\/div>\n\t\t\t\t\t<\/div>\n\t\t<\/section>\n\t\t\t\t<section data-particle_enable=\"false\" data-particle-mobile-disabled=\"false\" class=\"elementor-section elementor-top-section elementor-element elementor-element-0a0eb3e third_bg_color elementor-section-boxed elementor-section-height-default elementor-section-height-default\" data-id=\"0a0eb3e\" data-element_type=\"section\" data-settings=\"{&quot;background_background&quot;:&quot;classic&quot;}\">\n\t\t\t\t\t\t<div class=\"elementor-container elementor-column-gap-default\">\n\t\t\t\t\t\t\t<div class=\"elementor-row\">\n\t\t\t\t\t<div class=\"elementor-column elementor-col-100 elementor-top-column elementor-element elementor-element-0a0efb3\" data-id=\"0a0efb3\" data-element_type=\"column\" data-settings=\"{&quot;background_background&quot;:&quot;classic&quot;}\">\n\t\t\t<div class=\"elementor-column-wrap elementor-element-populated\">\n\t\t\t\t\t\t\t<div class=\"elementor-widget-wrap\">\n\t\t\t\t\t\t<div class=\"elementor-element elementor-element-0a0f339 elementor-widget elementor-widget-vc_custom_heading\" data-id=\"0a0f339\" data-element_type=\"widget\" data-widget_type=\"vc_custom_heading.default\">\n\t\t\t\t<div class=\"elementor-widget-container\">\n\t\t\t<div class=\" vc_custom_heading  consulting_heading_font  text_align_left title_no_stripe\" ><h4 style=\"font-size: 16px;color: #222222;text-align: left;font-weight:700\" class=\"consulting-custom-title\">Uj\u00eb t\u00eb past\u00ebr p\u00ebr Bot\u00eb me t\u00eb sh\u00ebndetshme,<br \/>\nNe e dim\u00eb se si t\u00eb drejtimin e Ujit!\n<\/h4><\/div>\t\t<\/div>\n\t\t\t\t<\/div>\n\t\t\t\t<div class=\"elementor-element elementor-element-0a0f5f8 elementor-widget elementor-widget-text-editor\" data-id=\"0a0f5f8\" data-element_type=\"widget\" data-widget_type=\"text-editor.default\">\n\t\t\t\t<div class=\"elementor-widget-container\">\n\t\t\t\t\t<div class=\"elementor-text-editor elementor-clearfix\"><p><span style=\"font-size: 13px; line-height: 22px; color: #222222;\">Na kontaktoni p\u00ebr informacione dhe pyetje shtes\u00eb!<\/span><\/p>\n<\/div>\n\t\t\t\t<\/div>\n\t\t\t\t<\/div>\n\t\t\t\t<div class=\"elementor-element elementor-element-0a0f833 elementor-widget__width-auto elementor-widget elementor-widget-button\" data-id=\"0a0f833\" data-element_type=\"widget\" data-widget_type=\"button.default\">\n\t\t\t\t<div class=\"elementor-widget-container\">\n\t\t\t\t\t<div class=\"elementor-button-wrapper icon_align_left  \">\n\t\t\t<a href=\"https:\/\/tehnounion.com.mk\/sq\/kontakte\/\" class=\"elementor-button-link elementor-button elementor-size-sm\" role=\"button\">\n\t\t\t\t\t\t<span class=\"elementor-button-content-wrapper\">\n\t\t\t\t\t\t<span class=\"elementor-button-icon elementor-align-icon-left\">\n\t\t\t\t<i aria-hidden=\"true\" class=\"fa fa-phone-square\"><\/i>\t\t\t<\/span>\n\t\t\t\t\t\t<span class=\"elementor-button-text\">Kontakte<\/span>\n\t\t<\/span>\n\t\t\t\t\t<\/a>\n\t\t<\/div>\n\t\t\t\t<\/div>\n\t\t\t\t<\/div>\n\t\t\t\t\t\t<\/div>\n\t\t\t\t\t<\/div>\n\t\t<\/div>\n\t\t\t\t\t\t\t\t<\/div>\n\t\t\t\t\t<\/div>\n\t\t<\/section>\n\t\t\t\t<section data-particle_enable=\"false\" data-particle-mobile-disabled=\"false\" class=\"elementor-section elementor-top-section elementor-element elementor-element-0a10158 elementor-section-boxed elementor-section-height-default elementor-section-height-default\" data-id=\"0a10158\" data-element_type=\"section\" data-settings=\"{&quot;background_background&quot;:&quot;classic&quot;}\">\n\t\t\t\t\t\t<div class=\"elementor-container elementor-column-gap-default\">\n\t\t\t\t\t\t\t<div class=\"elementor-row\">\n\t\t\t\t\t<div class=\"elementor-column elementor-col-100 elementor-top-column elementor-element elementor-element-0a10566\" data-id=\"0a10566\" data-element_type=\"column\">\n\t\t\t<div class=\"elementor-column-wrap elementor-element-populated\">\n\t\t\t\t\t\t\t<div class=\"elementor-widget-wrap\">\n\t\t\t\t\t\t<div class=\"elementor-element elementor-element-1aef07b elementor-widget elementor-widget-heading\" data-id=\"1aef07b\" data-element_type=\"widget\" data-widget_type=\"heading.default\">\n\t\t\t\t<div class=\"elementor-widget-container\">\n\t\t\t<h4 class=\"elementor-heading-title elementor-size-default\">Partner\u00eb<\/h4>\t\t<\/div>\n\t\t\t\t<\/div>\n\t\t\t\t<div class=\"elementor-element elementor-element-9cf9f09 gallery-spacing-custom elementor-widget elementor-widget-image-gallery\" data-id=\"9cf9f09\" data-element_type=\"widget\" data-widget_type=\"image-gallery.default\">\n\t\t\t\t<div class=\"elementor-widget-container\">\n\t\t\t\t\t<div class=\"elementor-image-gallery\">\n\t\t\t<div id='gallery-1' class='gallery galleryid-8139 gallery-columns-1 gallery-size-full'><figure class='gallery-item'>\n\t\t\t<div class='gallery-icon landscape'>\n\t\t\t\t<img width=\"225\" height=\"80\" src=\"https:\/\/tehnounion.com.mk\/wp-content\/uploads\/2020\/11\/logo_0000_antech-e1607673651845.jpg\" class=\"attachment-full size-full\" alt=\"\" loading=\"lazy\" \/>\n\t\t\t<\/div><\/figure><figure class='gallery-item'>\n\t\t\t<div class='gallery-icon landscape'>\n\t\t\t\t<img width=\"225\" height=\"80\" src=\"https:\/\/tehnounion.com.mk\/wp-content\/uploads\/2020\/11\/logo_0001_logo_cintr_prod1-e1607673624545.jpg\" class=\"attachment-full size-full\" alt=\"\" loading=\"lazy\" \/>\n\t\t\t<\/div><\/figure><figure class='gallery-item'>\n\t\t\t<div class='gallery-icon landscape'>\n\t\t\t\t<img width=\"225\" height=\"80\" src=\"https:\/\/tehnounion.com.mk\/wp-content\/uploads\/2020\/11\/logo_0002_Diehl_metering_petrol_4c-e1607673584856.jpg\" class=\"attachment-full size-full\" alt=\"\" loading=\"lazy\" \/>\n\t\t\t<\/div><\/figure><figure class='gallery-item'>\n\t\t\t<div class='gallery-icon landscape'>\n\t\t\t\t<img width=\"225\" height=\"80\" src=\"https:\/\/tehnounion.com.mk\/wp-content\/uploads\/2020\/11\/logo_0003_logo_elis-e1607673556157.jpg\" class=\"attachment-full size-full\" alt=\"\" loading=\"lazy\" \/>\n\t\t\t<\/div><\/figure><figure class='gallery-item'>\n\t\t\t<div class='gallery-icon landscape'>\n\t\t\t\t<img width=\"225\" height=\"80\" src=\"https:\/\/tehnounion.com.mk\/wp-content\/uploads\/2020\/11\/logo_0004_HS-Logo-e1607673452877.jpg\" class=\"attachment-full size-full\" alt=\"\" loading=\"lazy\" \/>\n\t\t\t<\/div><\/figure><figure class='gallery-item'>\n\t\t\t<div class='gallery-icon landscape'>\n\t\t\t\t<img width=\"225\" height=\"80\" src=\"https:\/\/tehnounion.com.mk\/wp-content\/uploads\/2020\/11\/logo_0005_logo_en-e1607673413604.jpg\" class=\"attachment-full size-full\" alt=\"\" loading=\"lazy\" \/>\n\t\t\t<\/div><\/figure><figure class='gallery-item'>\n\t\t\t<div class='gallery-icon landscape'>\n\t\t\t\t<img width=\"255\" height=\"80\" src=\"https:\/\/tehnounion.com.mk\/wp-content\/uploads\/2020\/12\/Logoa-e1607673673691.jpg\" class=\"attachment-full size-full\" alt=\"\" loading=\"lazy\" \/>\n\t\t\t<\/div><\/figure><figure class='gallery-item'>\n\t\t\t<div class='gallery-icon landscape'>\n\t\t\t\t<img width=\"255\" height=\"80\" src=\"https:\/\/tehnounion.com.mk\/wp-content\/uploads\/2020\/12\/vatek-e1607673700562.jpg\" class=\"attachment-full size-full\" alt=\"\" loading=\"lazy\" \/>\n\t\t\t<\/div><\/figure>\n\t\t<\/div>\n\t\t<\/div>\n\t\t\t\t<\/div>\n\t\t\t\t<\/div>\n\t\t\t\t<div class=\"elementor-element elementor-element-69ef78a elementor-widget elementor-widget-text-editor\" data-id=\"69ef78a\" data-element_type=\"widget\" data-widget_type=\"text-editor.default\">\n\t\t\t\t<div class=\"elementor-widget-container\">\n\t\t\t\t\t<div class=\"elementor-text-editor elementor-clearfix\"><\/div>\n\t\t\t\t<\/div>\n\t\t\t\t<\/div>\n\t\t\t\t\t\t<\/div>\n\t\t\t\t\t<\/div>\n\t\t<\/div>\n\t\t\t\t\t\t\t\t<\/div>\n\t\t\t\t\t<\/div>\n\t\t<\/section>\n\t\t\t\t\t\t<\/div>\n\t\t\t\t\t\t<\/div>\n\t\t\t\t\t<\/div>\n\t\t    \n<\/div>\t\t<\/div>\n\t\t\t\t<\/div>\n\t\t\t\t\t\t<\/div>\n\t\t\t\t\t<\/div>\n\t\t<\/div>\n\t\t\t\t\t\t\t\t<\/div>\n\t\t\t\t\t<\/div>\n\t\t<\/section>\n\t\t\t\t\t\t<\/div>\n\t\t\t\t\t\t<\/div>\n\t\t\t\t\t<\/div>\n\t\t","protected":false},"excerpt":{"rendered":"<p>Rreth nesh Tehnounion MTD u themelua n\u00eb vitin 1991. N\u00eb fillimin kompania merrej me tregti me\u00a0shumic\u00eb dhe pakic\u00eb.\u00a0Ne kemi punuar me materialet hidraulike, pompat, hydrophoret, kryesisht p\u00ebr nevojat e bashkeqytetareve. Si\u00e7 eshte zhvilluar tregtia, eshte zmadhuar edhe nevoja p\u00ebr zgjerimin e kompanis\u00eb son\u00eb, k\u00ebshtu q\u00eb kemi filluar me zgjerimin e rrjetit t\u00eb shitjes me pakic\u00eb<\/p>\n","protected":false},"author":1,"featured_media":0,"parent":0,"menu_order":0,"comment_status":"closed","ping_status":"closed","template":"","meta":[],"_links":{"self":[{"href":"https:\/\/tehnounion.com.mk\/sq\/wp-json\/wp\/v2\/pages\/8139"}],"collection":[{"href":"https:\/\/tehnounion.com.mk\/sq\/wp-json\/wp\/v2\/pages"}],"about":[{"href":"https:\/\/tehnounion.com.mk\/sq\/wp-json\/wp\/v2\/types\/page"}],"author":[{"embeddable":true,"href":"https:\/\/tehnounion.com.mk\/sq\/wp-json\/wp\/v2\/users\/1"}],"replies":[{"embeddable":true,"href":"https:\/\/tehnounion.com.mk\/sq\/wp-json\/wp\/v2\/comments?post=8139"}],"version-history":[{"count":10,"href":"https:\/\/tehnounion.com.mk\/sq\/wp-json\/wp\/v2\/pages\/8139\/revisions"}],"predecessor-version":[{"id":8150,"href":"https:\/\/tehnounion.com.mk\/sq\/wp-json\/wp\/v2\/pages\/8139\/revisions\/8150"}],"wp:attachment":[{"href":"https:\/\/tehnounion.com.mk\/sq\/wp-json\/wp\/v2\/media?parent=8139"}],"curies":[{"name":"wp","href":"https:\/\/api.w.org\/{rel}","templated":true}]}}