{"id":8259,"date":"2020-11-21T12:47:30","date_gmt":"2020-11-21T12:47:30","guid":{"rendered":"https:\/\/tehnounion.web.com.mk\/uredi-za-gasno-hloriranje-neutralizacija-na-hlor\/"},"modified":"2021-02-05T12:11:52","modified_gmt":"2021-02-05T11:11:52","slug":"pajisjet-e-klorinimit-gazit-dhe-neutralizim-te-klorit","status":"publish","type":"page","link":"https:\/\/tehnounion.com.mk\/sq\/pajisjet-e-klorinimit-gazit-dhe-neutralizim-te-klorit\/","title":{"rendered":"Pajisjet e klorinimit gazit dhe neutralizim t\u00eb klorit"},"content":{"rendered":"\t\t<div data-elementor-type=\"wp-page\" data-elementor-id=\"8259\" class=\"elementor elementor-8259 elementor-6778\" data-elementor-settings=\"[]\">\n\t\t\t\t\t\t<div class=\"elementor-inner\">\n\t\t\t\t\t\t\t<div class=\"elementor-section-wrap\">\n\t\t\t\t\t\t\t<section data-particle_enable=\"false\" data-particle-mobile-disabled=\"false\" class=\"elementor-section elementor-top-section elementor-element elementor-element-0bd1fc2 elementor-section-boxed elementor-section-height-default elementor-section-height-default\" data-id=\"0bd1fc2\" data-element_type=\"section\" data-settings=\"{&quot;background_background&quot;:&quot;classic&quot;}\">\n\t\t\t\t\t\t<div class=\"elementor-container elementor-column-gap-default\">\n\t\t\t\t\t\t\t<div class=\"elementor-row\">\n\t\t\t\t\t<div class=\"elementor-column elementor-col-100 elementor-top-column elementor-element elementor-element-0bd24e2\" data-id=\"0bd24e2\" data-element_type=\"column\">\n\t\t\t<div class=\"elementor-column-wrap elementor-element-populated\">\n\t\t\t\t\t\t\t<div class=\"elementor-widget-wrap\">\n\t\t\t\t\t\t<div class=\"elementor-element elementor-element-1f8c759 elementor-widget elementor-widget-vc_custom_heading\" data-id=\"1f8c759\" data-element_type=\"widget\" data-widget_type=\"vc_custom_heading.default\">\n\t\t\t\t<div class=\"elementor-widget-container\">\n\t\t\t<div class=\" vc_custom_heading  consulting_heading_font  text_align_left\" ><h3 style=\"text-align: left\" class=\"consulting-custom-title\">Pajisjet e klorinimit gazit dhe neutralizim t\u00eb klorit<\/h3><\/div>\t\t<\/div>\n\t\t\t\t<\/div>\n\t\t\t\t<div class=\"elementor-element elementor-element-9c7b4a4 elementor-widget elementor-widget-image\" data-id=\"9c7b4a4\" data-element_type=\"widget\" data-widget_type=\"image.default\">\n\t\t\t\t<div class=\"elementor-widget-container\">\n\t\t\t\t\t<div class=\"elementor-image\">\n\t\t\t\t\t\t\t\t\t\t<img width=\"1110\" height=\"296\" src=\"https:\/\/tehnounion.com.mk\/wp-content\/uploads\/2021\/01\/Untitled-1.jpg\" class=\"attachment-full size-full\" alt=\"\" loading=\"lazy\" srcset=\"https:\/\/tehnounion.com.mk\/wp-content\/uploads\/2021\/01\/Untitled-1.jpg 1110w, https:\/\/tehnounion.com.mk\/wp-content\/uploads\/2021\/01\/Untitled-1-300x80.jpg 300w, https:\/\/tehnounion.com.mk\/wp-content\/uploads\/2021\/01\/Untitled-1-1024x273.jpg 1024w, https:\/\/tehnounion.com.mk\/wp-content\/uploads\/2021\/01\/Untitled-1-768x205.jpg 768w, https:\/\/tehnounion.com.mk\/wp-content\/uploads\/2021\/01\/Untitled-1-900x240.jpg 900w\" sizes=\"(max-width: 1110px) 100vw, 1110px\" \/>\t\t\t\t\t\t\t\t\t\t\t<\/div>\n\t\t\t\t<\/div>\n\t\t\t\t<\/div>\n\t\t\t\t<div class=\"elementor-element elementor-element-eee81ee elementor-widget elementor-widget-vc_custom_heading\" data-id=\"eee81ee\" data-element_type=\"widget\" data-widget_type=\"vc_custom_heading.default\">\n\t\t\t\t<div class=\"elementor-widget-container\">\n\t\t\t<div class=\" vc_custom_heading  consulting_heading_font  text_align_left\" ><h3 style=\"text-align: left\" class=\"consulting-custom-title\">Pajisjet e klorinimit gazit\n<\/h3><\/div>\t\t<\/div>\n\t\t\t\t<\/div>\n\t\t\t\t<div class=\"elementor-element elementor-element-0bd28a4 elementor-widget elementor-widget-stm_works\" data-id=\"0bd28a4\" data-element_type=\"widget\" data-widget_type=\"stm_works.default\">\n\t\t\t\t<div class=\"elementor-widget-container\">\n\t\t\t                                    <div id=\"stm_works_69e46aba26af1\"\n                     class=\"stm_works_wr consulting_elementor_works cols_3 grid_with_filter style_1\">\n                                            <ul class=\"works_filter\">\n                            <li class=\"active\"><a href=\"#all\">T\u00eb gjitha<\/a><\/li>\n                                                            <li>\n                                    <a href=\"#pajisjet-e-klorinimit-gazit\">Pajisjet e klorinimit gazit<\/a>\n                                <\/li>\n                                                                                <\/ul>\n                        <div class=\"stm_works\">\n                                                                                            <div class=\"item all pajisjet-e-klorinimit-gazit\">\n                                    \n                                        <div class=\"image\">\n                                                                                        <a href=\"https:\/\/tehnounion.com.mk\/sq\/proizvodi\/pjese-kembimi-dhe-pajisje\/\"><img src='https:\/\/tehnounion.com.mk\/wp-content\/uploads\/2020\/11\/Untitled-1.jpg' alt='' \/><\/a>\n                                        <\/div>\n                                        <div class=\"info\">\n                                                                                            <div class=\"category\"><a\n                                                            href=\"#pajisjet-e-klorinimit-gazit\"><span>Pajisjet e klorinimit gazit<\/span>\n                                                        <i class=\"fa fa-chevron-right\"><\/i><\/a><\/div>\n                                                                                        <div class=\"title\"><a\n                                                        href=\"https:\/\/tehnounion.com.mk\/sq\/proizvodi\/pjese-kembimi-dhe-pajisje\/\">Pjes\u00eb k\u00ebmbimi dhe pajisje<\/a>\n                                            <\/div>\n                                        <\/div>\n\n                                                                    <\/div>\n                                                                                            <div class=\"item all pajisjet-e-klorinimit-gazit\">\n                                    \n                                        <div class=\"image\">\n                                                                                        <a href=\"https:\/\/tehnounion.com.mk\/sq\/proizvodi\/chlorine-filter\/\"><img src='https:\/\/tehnounion.com.mk\/wp-content\/uploads\/2020\/11\/Untitled-1-1.jpg' alt='' \/><\/a>\n                                        <\/div>\n                                        <div class=\"info\">\n                                                                                            <div class=\"category\"><a\n                                                            href=\"#pajisjet-e-klorinimit-gazit\"><span>Pajisjet e klorinimit gazit<\/span>\n                                                        <i class=\"fa fa-chevron-right\"><\/i><\/a><\/div>\n                                                                                        <div class=\"title\"><a\n                                                        href=\"https:\/\/tehnounion.com.mk\/sq\/proizvodi\/chlorine-filter\/\">Chlorine filter<\/a>\n                                            <\/div>\n                                        <\/div>\n\n                                                                    <\/div>\n                                                                                            <div class=\"item all pajisjet-e-klorinimit-gazit\">\n                                    \n                                        <div class=\"image\">\n                                                                                        <a href=\"https:\/\/tehnounion.com.mk\/sq\/proizvodi\/valvula-solenoid-per-chlorine\/\"><img src='https:\/\/tehnounion.com.mk\/wp-content\/uploads\/2020\/11\/Untitled-1-2.jpg' alt='' \/><\/a>\n                                        <\/div>\n                                        <div class=\"info\">\n                                                                                            <div class=\"category\"><a\n                                                            href=\"#pajisjet-e-klorinimit-gazit\"><span>Pajisjet e klorinimit gazit<\/span>\n                                                        <i class=\"fa fa-chevron-right\"><\/i><\/a><\/div>\n                                                                                        <div class=\"title\"><a\n                                                        href=\"https:\/\/tehnounion.com.mk\/sq\/proizvodi\/valvula-solenoid-per-chlorine\/\">Valvula solenoid p\u00ebr chlorine<\/a>\n                                            <\/div>\n                                        <\/div>\n\n                                                                    <\/div>\n                                                                                            <div class=\"item all pajisjet-e-klorinimit-gazit\">\n                                    \n                                        <div class=\"image\">\n                                                                                        <a href=\"https:\/\/tehnounion.com.mk\/sq\/proizvodi\/permbledhje-toge\/\"><img src='https:\/\/tehnounion.com.mk\/wp-content\/uploads\/2020\/11\/Untitled-1-3.jpg' alt='' \/><\/a>\n                                        <\/div>\n                                        <div class=\"info\">\n                                                                                            <div class=\"category\"><a\n                                                            href=\"#pajisjet-e-klorinimit-gazit\"><span>Pajisjet e klorinimit gazit<\/span>\n                                                        <i class=\"fa fa-chevron-right\"><\/i><\/a><\/div>\n                                                                                        <div class=\"title\"><a\n                                                        href=\"https:\/\/tehnounion.com.mk\/sq\/proizvodi\/permbledhje-toge\/\">P\u00ebrmbledhje tog\u00eb<\/a>\n                                            <\/div>\n                                        <\/div>\n\n                                                                    <\/div>\n                                                                                            <div class=\"item all pajisjet-e-klorinimit-gazit\">\n                                    \n                                        <div class=\"image\">\n                                                                                        <a href=\"https:\/\/tehnounion.com.mk\/sq\/proizvodi\/injektor\/\"><img src='https:\/\/tehnounion.com.mk\/wp-content\/uploads\/2020\/11\/Untitled-2-4.jpg' alt='' \/><\/a>\n                                        <\/div>\n                                        <div class=\"info\">\n                                                                                            <div class=\"category\"><a\n                                                            href=\"#pajisjet-e-klorinimit-gazit\"><span>Pajisjet e klorinimit gazit<\/span>\n                                                        <i class=\"fa fa-chevron-right\"><\/i><\/a><\/div>\n                                                                                        <div class=\"title\"><a\n                                                        href=\"https:\/\/tehnounion.com.mk\/sq\/proizvodi\/injektor\/\">Injektor<\/a>\n                                            <\/div>\n                                        <\/div>\n\n                                                                    <\/div>\n                                                                                            <div class=\"item all pajisjet-e-klorinimit-gazit\">\n                                    \n                                        <div class=\"image\">\n                                                                                        <a href=\"https:\/\/tehnounion.com.mk\/sq\/proizvodi\/rotameter\/\"><img src='https:\/\/tehnounion.com.mk\/wp-content\/uploads\/2020\/11\/Untitled-2-5.jpg' alt='' \/><\/a>\n                                        <\/div>\n                                        <div class=\"info\">\n                                                                                            <div class=\"category\"><a\n                                                            href=\"#pajisjet-e-klorinimit-gazit\"><span>Pajisjet e klorinimit gazit<\/span>\n                                                        <i class=\"fa fa-chevron-right\"><\/i><\/a><\/div>\n                                                                                        <div class=\"title\"><a\n                                                        href=\"https:\/\/tehnounion.com.mk\/sq\/proizvodi\/rotameter\/\">Rotameter<\/a>\n                                            <\/div>\n                                        <\/div>\n\n                                                                    <\/div>\n                                                                                            <div class=\"item all pajisjet-e-klorinimit-gazit\">\n                                    \n                                        <div class=\"image\">\n                                                                                        <a href=\"https:\/\/tehnounion.com.mk\/sq\/proizvodi\/automatike-vakum-switch\/\"><img src='https:\/\/tehnounion.com.mk\/wp-content\/uploads\/2020\/11\/Untitled-2-6.jpg' alt='' \/><\/a>\n                                        <\/div>\n                                        <div class=\"info\">\n                                                                                            <div class=\"category\"><a\n                                                            href=\"#pajisjet-e-klorinimit-gazit\"><span>Pajisjet e klorinimit gazit<\/span>\n                                                        <i class=\"fa fa-chevron-right\"><\/i><\/a><\/div>\n                                                                                        <div class=\"title\"><a\n                                                        href=\"https:\/\/tehnounion.com.mk\/sq\/proizvodi\/automatike-vakum-switch\/\">Automatike vakum switch<\/a>\n                                            <\/div>\n                                        <\/div>\n\n                                                                    <\/div>\n                                                                                            <div class=\"item all pajisjet-e-klorinimit-gazit\">\n                                    \n                                        <div class=\"image\">\n                                                                                        <a href=\"https:\/\/tehnounion.com.mk\/sq\/proizvodi\/vacum-rregullatorin\/\"><img src='https:\/\/tehnounion.com.mk\/wp-content\/uploads\/2020\/11\/Untitled-3.jpg' alt='' \/><\/a>\n                                        <\/div>\n                                        <div class=\"info\">\n                                                                                            <div class=\"category\"><a\n                                                            href=\"#pajisjet-e-klorinimit-gazit\"><span>Pajisjet e klorinimit gazit<\/span>\n                                                        <i class=\"fa fa-chevron-right\"><\/i><\/a><\/div>\n                                                                                        <div class=\"title\"><a\n                                                        href=\"https:\/\/tehnounion.com.mk\/sq\/proizvodi\/vacum-rregullatorin\/\">Vacum rregullatorin<\/a>\n                                            <\/div>\n                                        <\/div>\n\n                                                                    <\/div>\n                                                    <\/div>\n                                        <script type=\"text\/javascript\">\n                        jQuery(document).ready(function ($) {\n                            var $container = $(\"#stm_works_69e46aba26af1 .stm_works\");\n                            var originLeft = true;\n                            if ($('body').hasClass('rtl')) {\n                                originLeft = false;\n                            }\n                            $container.isotope({\n                                layoutMode: 'fitRows',\n                                itemSelector: '.item',\n                                transitionDuration: '0.7s',\n                                isOriginLeft: originLeft,\n                                                            });\n                            $container.imagesLoaded().progress(function () {\n                                $container.isotope('layout');\n                            });\n                            $container.isotope('layout');\n                            $('#stm_works_69e46aba26af1 .works_filter a').on('click', function () {\n                                var i = 0;\n                                if (!$(this).hasClass(\"stm_works_grid_switcher\")) {\n\n                                    $(this).closest('ul').find('li.active').removeClass('active');\n                                    $(this).parent().addClass('active');\n                                    var sort = $(this).attr('href');\n                                    sort = sort.substring(1);\n                                                                        $container.isotope({\n                                        filter: '.' + sort\n                                    });\n                                                                        return false;\n                                }\n                            });\n                            $(document).on('click', '.stm_works_grid_switcher', function () {\n                                $(this).toggleClass('active');\n                                var $container_wrapper = $(this).closest('.stm_works_wr');\n                                if ($('body').hasClass('boxed_layout')) {\n                                    $container_wrapper.toggleClass('wide');\n                                } else {\n                                    $container_wrapper.toggleClass('wide container');\n                                }\n                                \/\/$container_wrapper.find('.stm_works_grid_switcher').closest('.works_filter').toggleClass('container');\n                                $container.isotope('layout');\n                                $container.closest('.stm_works').animate({'height': $container.height() + $('#stm_works_stm_works_69e46aba26af1 .stm_works').height()}, 300);\n                                return false;\n                            });\n                            $('#stm_works_69e46aba26af1 .item .category a').on('click', function () {\n                                if (!$(this).hasClass(\"stm_works_grid_switcher\")) {\n                                    var sort = $(this).attr('href');\n                                    sort = sort.substring(1);\n                                    $('#stm_works_69e46aba26af1 .works_filter li.active').removeClass('active');\n                                    $('#stm_works_69e46aba26af1 .works_filter li a[href=\"#' + sort + '\"]').closest('li').addClass('active');\n                                    $container.isotope({\n                                        filter: '.' + sort\n                                    });\n                                    return false;\n                                }\n                            });\n                        });\n                    <\/script>\n                                    <\/div>\n                            \t\t<\/div>\n\t\t\t\t<\/div>\n\t\t\t\t\t\t<\/div>\n\t\t\t\t\t<\/div>\n\t\t<\/div>\n\t\t\t\t\t\t\t\t<\/div>\n\t\t\t\t\t<\/div>\n\t\t<\/section>\n\t\t\t\t\t\t<\/div>\n\t\t\t\t\t\t<\/div>\n\t\t\t\t\t<\/div>\n\t\t","protected":false},"excerpt":{"rendered":"<p>Pajisjet e klorinimit gazit dhe neutralizim t\u00eb klorit Pajisjet e klorinimit gazit All Pajisjet e klorinimit gazit Pajisjet e klorinimit gazit Pjes\u00eb k\u00ebmbimi dhe pajisje Pajisjet e klorinimit gazit Chlorine filter Pajisjet e klorinimit gazit Valvula solenoid p\u00ebr chlorine Pajisjet e klorinimit gazit P\u00ebrmbledhje tog\u00eb Pajisjet e klorinimit gazit Injektor Pajisjet e klorinimit gazit Rotameter<\/p>\n","protected":false},"author":1,"featured_media":0,"parent":0,"menu_order":0,"comment_status":"closed","ping_status":"closed","template":"","meta":[],"_links":{"self":[{"href":"https:\/\/tehnounion.com.mk\/sq\/wp-json\/wp\/v2\/pages\/8259"}],"collection":[{"href":"https:\/\/tehnounion.com.mk\/sq\/wp-json\/wp\/v2\/pages"}],"about":[{"href":"https:\/\/tehnounion.com.mk\/sq\/wp-json\/wp\/v2\/types\/page"}],"author":[{"embeddable":true,"href":"https:\/\/tehnounion.com.mk\/sq\/wp-json\/wp\/v2\/users\/1"}],"replies":[{"embeddable":true,"href":"https:\/\/tehnounion.com.mk\/sq\/wp-json\/wp\/v2\/comments?post=8259"}],"version-history":[{"count":10,"href":"https:\/\/tehnounion.com.mk\/sq\/wp-json\/wp\/v2\/pages\/8259\/revisions"}],"predecessor-version":[{"id":8354,"href":"https:\/\/tehnounion.com.mk\/sq\/wp-json\/wp\/v2\/pages\/8259\/revisions\/8354"}],"wp:attachment":[{"href":"https:\/\/tehnounion.com.mk\/sq\/wp-json\/wp\/v2\/media?parent=8259"}],"curies":[{"name":"wp","href":"https:\/\/api.w.org\/{rel}","templated":true}]}}