{"id":8335,"date":"2020-11-20T14:01:36","date_gmt":"2020-11-20T14:01:36","guid":{"rendered":"https:\/\/tehnounion.web.com.mk\/techno-hloriranje-natrium-hipohlorid\/"},"modified":"2021-02-05T12:00:36","modified_gmt":"2021-02-05T11:00:36","slug":"klorizimit-te-ujit-te-lengshem","status":"publish","type":"page","link":"https:\/\/tehnounion.com.mk\/sq\/klorizimit-te-ujit-te-lengshem\/","title":{"rendered":"Klorizimit t\u00eb ujit te lengshem"},"content":{"rendered":"\t\t<div data-elementor-type=\"wp-page\" data-elementor-id=\"8335\" class=\"elementor elementor-8335 elementor-6611\" data-elementor-settings=\"[]\">\n\t\t\t\t\t\t<div class=\"elementor-inner\">\n\t\t\t\t\t\t\t<div class=\"elementor-section-wrap\">\n\t\t\t\t\t\t\t<section data-particle_enable=\"false\" data-particle-mobile-disabled=\"false\" class=\"elementor-section elementor-top-section elementor-element elementor-element-0bd1fc2 elementor-section-boxed elementor-section-height-default elementor-section-height-default\" data-id=\"0bd1fc2\" data-element_type=\"section\" data-settings=\"{&quot;background_background&quot;:&quot;classic&quot;}\">\n\t\t\t\t\t\t<div class=\"elementor-container elementor-column-gap-default\">\n\t\t\t\t\t\t\t<div class=\"elementor-row\">\n\t\t\t\t\t<div class=\"elementor-column elementor-col-100 elementor-top-column elementor-element elementor-element-0bd24e2\" data-id=\"0bd24e2\" data-element_type=\"column\">\n\t\t\t<div class=\"elementor-column-wrap elementor-element-populated\">\n\t\t\t\t\t\t\t<div class=\"elementor-widget-wrap\">\n\t\t\t\t\t\t<div class=\"elementor-element elementor-element-ee2a138 elementor-widget elementor-widget-vc_custom_heading\" data-id=\"ee2a138\" data-element_type=\"widget\" data-widget_type=\"vc_custom_heading.default\">\n\t\t\t\t<div class=\"elementor-widget-container\">\n\t\t\t<div class=\" vc_custom_heading  consulting_heading_font  text_align_left stripe_bottom\" ><h3 style=\"text-align: left\" class=\"consulting-custom-title\">Klorizimit t\u00eb ujit te lengshem<\/h3><\/div>\t\t<\/div>\n\t\t\t\t<\/div>\n\t\t\t\t<div class=\"elementor-element elementor-element-0bd28a4 elementor-widget elementor-widget-stm_works\" data-id=\"0bd28a4\" data-element_type=\"widget\" data-widget_type=\"stm_works.default\">\n\t\t\t\t<div class=\"elementor-widget-container\">\n\t\t\t                                    <div id=\"stm_works_69e46a9675eda\"\n                     class=\"stm_works_wr consulting_elementor_works cols_3 grid_with_filter style_1\">\n                                            <ul class=\"works_filter\">\n                            <li class=\"active\"><a href=\"#all\">T\u00eb gjitha<\/a><\/li>\n                                                            <li>\n                                    <a href=\"#klorizimit-te-ujit-te-lengshem\">Klorizimit t\u00eb ujit te lengshem<\/a>\n                                <\/li>\n                                                                                <\/ul>\n                        <div class=\"stm_works\">\n                                                                                            <div class=\"item all klorizimit-te-ujit-te-lengshem\">\n                                    \n                                        <div class=\"image\">\n                                                                                        <a href=\"https:\/\/tehnounion.com.mk\/sq\/proizvodi\/pompa-kimike\/\"><img src='https:\/\/tehnounion.com.mk\/wp-content\/uploads\/2020\/11\/Untitled-1-9.jpg' alt='' \/><\/a>\n                                        <\/div>\n                                        <div class=\"info\">\n                                                                                            <div class=\"category\"><a\n                                                            href=\"#klorizimit-te-ujit-te-lengshem\"><span>Klorizimit t\u00eb ujit te lengshem<\/span>\n                                                        <i class=\"fa fa-chevron-right\"><\/i><\/a><\/div>\n                                                                                        <div class=\"title\"><a\n                                                        href=\"https:\/\/tehnounion.com.mk\/sq\/proizvodi\/pompa-kimike\/\">Pompa kimike<\/a>\n                                            <\/div>\n                                        <\/div>\n\n                                                                    <\/div>\n                                                                                            <div class=\"item all klorizimit-te-ujit-te-lengshem\">\n                                    \n                                        <div class=\"image\">\n                                                                                        <a href=\"https:\/\/tehnounion.com.mk\/sq\/proizvodi\/paisje-per-kimikate-pergatitjen\/\"><img src='https:\/\/tehnounion.com.mk\/wp-content\/uploads\/2020\/11\/Untitled-1-10.jpg' alt='' \/><\/a>\n                                        <\/div>\n                                        <div class=\"info\">\n                                                                                            <div class=\"category\"><a\n                                                            href=\"#klorizimit-te-ujit-te-lengshem\"><span>Klorizimit t\u00eb ujit te lengshem<\/span>\n                                                        <i class=\"fa fa-chevron-right\"><\/i><\/a><\/div>\n                                                                                        <div class=\"title\"><a\n                                                        href=\"https:\/\/tehnounion.com.mk\/sq\/proizvodi\/paisje-per-kimikate-pergatitjen\/\">Paisje per kimikate p\u00ebrgatitjen<\/a>\n                                            <\/div>\n                                        <\/div>\n\n                                                                    <\/div>\n                                                                                            <div class=\"item all klorizimit-te-ujit-te-lengshem\">\n                                    \n                                        <div class=\"image\">\n                                                                                        <a href=\"https:\/\/tehnounion.com.mk\/sq\/proizvodi\/paisje-per-dozimin-e-kimikateve\/\"><img src='https:\/\/tehnounion.com.mk\/wp-content\/uploads\/2020\/11\/AnTech-Product-Catalogue-2019-21.jpg' alt='' \/><\/a>\n                                        <\/div>\n                                        <div class=\"info\">\n                                                                                            <div class=\"category\"><a\n                                                            href=\"#klorizimit-te-ujit-te-lengshem\"><span>Klorizimit t\u00eb ujit te lengshem<\/span>\n                                                        <i class=\"fa fa-chevron-right\"><\/i><\/a><\/div>\n                                                                                        <div class=\"title\"><a\n                                                        href=\"https:\/\/tehnounion.com.mk\/sq\/proizvodi\/paisje-per-dozimin-e-kimikateve\/\">Paisje per dozimin e kimikateve<\/a>\n                                            <\/div>\n                                        <\/div>\n\n                                                                    <\/div>\n                                                    <\/div>\n                                        <script type=\"text\/javascript\">\n                        jQuery(document).ready(function ($) {\n                            var $container = $(\"#stm_works_69e46a9675eda .stm_works\");\n                            var originLeft = true;\n                            if ($('body').hasClass('rtl')) {\n                                originLeft = false;\n                            }\n                            $container.isotope({\n                                layoutMode: 'fitRows',\n                                itemSelector: '.item',\n                                transitionDuration: '0.7s',\n                                isOriginLeft: originLeft,\n                                                            });\n                            $container.imagesLoaded().progress(function () {\n                                $container.isotope('layout');\n                            });\n                            $container.isotope('layout');\n                            $('#stm_works_69e46a9675eda .works_filter a').on('click', function () {\n                                var i = 0;\n                                if (!$(this).hasClass(\"stm_works_grid_switcher\")) {\n\n                                    $(this).closest('ul').find('li.active').removeClass('active');\n                                    $(this).parent().addClass('active');\n                                    var sort = $(this).attr('href');\n                                    sort = sort.substring(1);\n                                                                        $container.isotope({\n                                        filter: '.' + sort\n                                    });\n                                                                        return false;\n                                }\n                            });\n                            $(document).on('click', '.stm_works_grid_switcher', function () {\n                                $(this).toggleClass('active');\n                                var $container_wrapper = $(this).closest('.stm_works_wr');\n                                if ($('body').hasClass('boxed_layout')) {\n                                    $container_wrapper.toggleClass('wide');\n                                } else {\n                                    $container_wrapper.toggleClass('wide container');\n                                }\n                                \/\/$container_wrapper.find('.stm_works_grid_switcher').closest('.works_filter').toggleClass('container');\n                                $container.isotope('layout');\n                                $container.closest('.stm_works').animate({'height': $container.height() + $('#stm_works_stm_works_69e46a9675eda .stm_works').height()}, 300);\n                                return false;\n                            });\n                            $('#stm_works_69e46a9675eda .item .category a').on('click', function () {\n                                if (!$(this).hasClass(\"stm_works_grid_switcher\")) {\n                                    var sort = $(this).attr('href');\n                                    sort = sort.substring(1);\n                                    $('#stm_works_69e46a9675eda .works_filter li.active').removeClass('active');\n                                    $('#stm_works_69e46a9675eda .works_filter li a[href=\"#' + sort + '\"]').closest('li').addClass('active');\n                                    $container.isotope({\n                                        filter: '.' + sort\n                                    });\n                                    return false;\n                                }\n                            });\n                        });\n                    <\/script>\n                                    <\/div>\n                            \t\t<\/div>\n\t\t\t\t<\/div>\n\t\t\t\t<div class=\"elementor-element elementor-element-7f45e2a elementor-widget elementor-widget-vc_custom_heading\" data-id=\"7f45e2a\" data-element_type=\"widget\" data-widget_type=\"vc_custom_heading.default\">\n\t\t\t\t<div class=\"elementor-widget-container\">\n\t\t\t<div class=\" vc_custom_heading  consulting_heading_font  text_align_left has_subtitle stripe_bottom\" ><h4 style=\"text-align: left\" class=\"consulting-custom-title\">Tehnounion MTD \u00ebsht\u00eb p\u00ebrfaq\u00ebsues p\u00ebr Turqin\u00eb brend ANTECH\n<span class=\"subtitle\">POMPA DOZIMIN<\/span><\/h4><\/div>\t\t<\/div>\n\t\t\t\t<\/div>\n\t\t\t\t<section data-particle_enable=\"false\" data-particle-mobile-disabled=\"false\" class=\"elementor-section elementor-inner-section elementor-element elementor-element-0045497 elementor-section-boxed elementor-section-height-default elementor-section-height-default\" data-id=\"0045497\" data-element_type=\"section\">\n\t\t\t\t\t\t<div class=\"elementor-container elementor-column-gap-default\">\n\t\t\t\t\t\t\t<div class=\"elementor-row\">\n\t\t\t\t\t<div class=\"elementor-column elementor-col-50 elementor-inner-column elementor-element elementor-element-3ea3068\" data-id=\"3ea3068\" data-element_type=\"column\">\n\t\t\t<div class=\"elementor-column-wrap elementor-element-populated\">\n\t\t\t\t\t\t\t<div class=\"elementor-widget-wrap\">\n\t\t\t\t\t\t<div class=\"elementor-element elementor-element-d757c82 elementor-widget elementor-widget-image\" data-id=\"d757c82\" data-element_type=\"widget\" data-widget_type=\"image.default\">\n\t\t\t\t<div class=\"elementor-widget-container\">\n\t\t\t\t\t<div class=\"elementor-image\">\n\t\t\t\t\t\t\t<figure class=\"wp-caption\">\n\t\t\t\t\t\t\t\t\t\t<img width=\"300\" height=\"254\" src=\"https:\/\/tehnounion.com.mk\/wp-content\/uploads\/2020\/11\/LARA-A-300x254.jpg\" class=\"attachment-medium size-medium\" alt=\"\" loading=\"lazy\" srcset=\"https:\/\/tehnounion.com.mk\/wp-content\/uploads\/2020\/11\/LARA-A-300x254.jpg 300w, https:\/\/tehnounion.com.mk\/wp-content\/uploads\/2020\/11\/LARA-A-1024x867.jpg 1024w, https:\/\/tehnounion.com.mk\/wp-content\/uploads\/2020\/11\/LARA-A-768x650.jpg 768w, https:\/\/tehnounion.com.mk\/wp-content\/uploads\/2020\/11\/LARA-A-900x762.jpg 900w, https:\/\/tehnounion.com.mk\/wp-content\/uploads\/2020\/11\/LARA-A.jpg 1418w\" sizes=\"(max-width: 300px) 100vw, 300px\" \/>\t\t\t\t\t\t\t\t\t\t\t<figcaption class=\"widget-image-caption wp-caption-text\">LARA A<\/figcaption>\n\t\t\t\t\t\t\t\t\t\t<\/figure>\n\t\t\t\t\t<\/div>\n\t\t\t\t<\/div>\n\t\t\t\t<\/div>\n\t\t\t\t\t\t<\/div>\n\t\t\t\t\t<\/div>\n\t\t<\/div>\n\t\t\t\t<div class=\"elementor-column elementor-col-50 elementor-inner-column elementor-element elementor-element-fd05826\" data-id=\"fd05826\" data-element_type=\"column\">\n\t\t\t<div class=\"elementor-column-wrap elementor-element-populated\">\n\t\t\t\t\t\t\t<div class=\"elementor-widget-wrap\">\n\t\t\t\t\t\t<div class=\"elementor-element elementor-element-f1b0ab6 elementor-widget elementor-widget-image\" data-id=\"f1b0ab6\" data-element_type=\"widget\" data-widget_type=\"image.default\">\n\t\t\t\t<div class=\"elementor-widget-container\">\n\t\t\t\t\t<div class=\"elementor-image\">\n\t\t\t\t\t\t\t<figure class=\"wp-caption\">\n\t\t\t\t\t\t\t\t\t\t<img width=\"300\" height=\"290\" src=\"https:\/\/tehnounion.com.mk\/wp-content\/uploads\/2020\/11\/NANO-A-1-300x290.jpg\" class=\"attachment-medium size-medium\" alt=\"\" loading=\"lazy\" srcset=\"https:\/\/tehnounion.com.mk\/wp-content\/uploads\/2020\/11\/NANO-A-1-300x290.jpg 300w, https:\/\/tehnounion.com.mk\/wp-content\/uploads\/2020\/11\/NANO-A-1.jpg 617w\" sizes=\"(max-width: 300px) 100vw, 300px\" \/>\t\t\t\t\t\t\t\t\t\t\t<figcaption class=\"widget-image-caption wp-caption-text\">NANO A<\/figcaption>\n\t\t\t\t\t\t\t\t\t\t<\/figure>\n\t\t\t\t\t<\/div>\n\t\t\t\t<\/div>\n\t\t\t\t<\/div>\n\t\t\t\t\t\t<\/div>\n\t\t\t\t\t<\/div>\n\t\t<\/div>\n\t\t\t\t\t\t\t\t<\/div>\n\t\t\t\t\t<\/div>\n\t\t<\/section>\n\t\t\t\t<div class=\"elementor-element elementor-element-630f586 elementor-widget elementor-widget-vc_custom_heading\" data-id=\"630f586\" data-element_type=\"widget\" data-widget_type=\"vc_custom_heading.default\">\n\t\t\t\t<div class=\"elementor-widget-container\">\n\t\t\t<div class=\" vc_custom_heading  consulting_heading_font  text_align_left stripe_bottom\" ><h4 style=\"text-align: left\" class=\"consulting-custom-title\">\u0423\u0440\u0435\u0434\u0438 \u0437\u0430 \u043a\u043e\u043d\u0442\u0440\u043e\u043b\u0430 \u043d\u0430 \u0440\u0435\u0437\u0438\u0434\u0443\u0430\u043b\u0435\u043d \u0445\u043b\u043e\u0440\n<\/h4><\/div>\t\t<\/div>\n\t\t\t\t<\/div>\n\t\t\t\t<section data-particle_enable=\"false\" data-particle-mobile-disabled=\"false\" class=\"elementor-section elementor-inner-section elementor-element elementor-element-113d3b5 elementor-section-boxed elementor-section-height-default elementor-section-height-default\" data-id=\"113d3b5\" data-element_type=\"section\">\n\t\t\t\t\t\t<div class=\"elementor-container elementor-column-gap-default\">\n\t\t\t\t\t\t\t<div class=\"elementor-row\">\n\t\t\t\t\t<div class=\"elementor-column elementor-col-50 elementor-inner-column elementor-element elementor-element-1f111ba\" data-id=\"1f111ba\" data-element_type=\"column\">\n\t\t\t<div class=\"elementor-column-wrap elementor-element-populated\">\n\t\t\t\t\t\t\t<div class=\"elementor-widget-wrap\">\n\t\t\t\t\t\t<div class=\"elementor-element elementor-element-b05fe77 elementor-widget elementor-widget-image\" data-id=\"b05fe77\" data-element_type=\"widget\" data-widget_type=\"image.default\">\n\t\t\t\t<div class=\"elementor-widget-container\">\n\t\t\t\t\t<div class=\"elementor-image\">\n\t\t\t\t\t\t\t<figure class=\"wp-caption\">\n\t\t\t\t\t\t\t\t\t\t<img width=\"300\" height=\"300\" src=\"https:\/\/tehnounion.com.mk\/wp-content\/uploads\/2021\/01\/41Ke-RHvadL._AC_SS350_-300x300.jpg\" class=\"attachment-medium size-medium\" alt=\"\" loading=\"lazy\" srcset=\"https:\/\/tehnounion.com.mk\/wp-content\/uploads\/2021\/01\/41Ke-RHvadL._AC_SS350_-300x300.jpg 300w, https:\/\/tehnounion.com.mk\/wp-content\/uploads\/2021\/01\/41Ke-RHvadL._AC_SS350_-150x150.jpg 150w, https:\/\/tehnounion.com.mk\/wp-content\/uploads\/2021\/01\/41Ke-RHvadL._AC_SS350_-50x50.jpg 50w, https:\/\/tehnounion.com.mk\/wp-content\/uploads\/2021\/01\/41Ke-RHvadL._AC_SS350_-320x320.jpg 320w, https:\/\/tehnounion.com.mk\/wp-content\/uploads\/2021\/01\/41Ke-RHvadL._AC_SS350_.jpg 350w\" sizes=\"(max-width: 300px) 100vw, 300px\" \/>\t\t\t\t\t\t\t\t\t\t\t<figcaption class=\"widget-image-caption wp-caption-text\">Hanna HI 701<\/figcaption>\n\t\t\t\t\t\t\t\t\t\t<\/figure>\n\t\t\t\t\t<\/div>\n\t\t\t\t<\/div>\n\t\t\t\t<\/div>\n\t\t\t\t\t\t<\/div>\n\t\t\t\t\t<\/div>\n\t\t<\/div>\n\t\t\t\t<div class=\"elementor-column elementor-col-50 elementor-inner-column elementor-element elementor-element-5f9f37e\" data-id=\"5f9f37e\" data-element_type=\"column\">\n\t\t\t<div class=\"elementor-column-wrap elementor-element-populated\">\n\t\t\t\t\t\t\t<div class=\"elementor-widget-wrap\">\n\t\t\t\t\t\t<div class=\"elementor-element elementor-element-69d5870 elementor-widget elementor-widget-image\" data-id=\"69d5870\" data-element_type=\"widget\" data-widget_type=\"image.default\">\n\t\t\t\t<div class=\"elementor-widget-container\">\n\t\t\t\t\t<div class=\"elementor-image\">\n\t\t\t\t\t\t\t<figure class=\"wp-caption\">\n\t\t\t\t\t\t\t\t\t\t<img width=\"320\" height=\"240\" src=\"https:\/\/tehnounion.com.mk\/wp-content\/uploads\/2021\/01\/pro_1420019471_82f7_n.jpg\" class=\"attachment-full size-full\" alt=\"\" loading=\"lazy\" srcset=\"https:\/\/tehnounion.com.mk\/wp-content\/uploads\/2021\/01\/pro_1420019471_82f7_n.jpg 320w, https:\/\/tehnounion.com.mk\/wp-content\/uploads\/2021\/01\/pro_1420019471_82f7_n-300x225.jpg 300w\" sizes=\"(max-width: 320px) 100vw, 320px\" \/>\t\t\t\t\t\t\t\t\t\t\t<figcaption class=\"widget-image-caption wp-caption-text\">Hlorkomparator MN-2<\/figcaption>\n\t\t\t\t\t\t\t\t\t\t<\/figure>\n\t\t\t\t\t<\/div>\n\t\t\t\t<\/div>\n\t\t\t\t<\/div>\n\t\t\t\t\t\t<\/div>\n\t\t\t\t\t<\/div>\n\t\t<\/div>\n\t\t\t\t\t\t\t\t<\/div>\n\t\t\t\t\t<\/div>\n\t\t<\/section>\n\t\t\t\t\t\t<\/div>\n\t\t\t\t\t<\/div>\n\t\t<\/div>\n\t\t\t\t\t\t\t\t<\/div>\n\t\t\t\t\t<\/div>\n\t\t<\/section>\n\t\t\t\t<section data-particle_enable=\"false\" data-particle-mobile-disabled=\"false\" class=\"elementor-section elementor-top-section elementor-element elementor-element-0bd2960 third_bg_color elementor-section-boxed elementor-section-height-default elementor-section-height-default\" data-id=\"0bd2960\" data-element_type=\"section\" data-settings=\"{&quot;background_background&quot;:&quot;classic&quot;}\">\n\t\t\t\t\t\t<div class=\"elementor-container elementor-column-gap-default\">\n\t\t\t\t\t\t\t<div class=\"elementor-row\">\n\t\t\t\t\t<div class=\"elementor-column elementor-col-100 elementor-top-column elementor-element elementor-element-0bd2d51\" data-id=\"0bd2d51\" data-element_type=\"column\">\n\t\t\t<div class=\"elementor-column-wrap elementor-element-populated\">\n\t\t\t\t\t\t\t<div class=\"elementor-widget-wrap\">\n\t\t\t\t\t\t<div class=\"elementor-element elementor-element-8a0a620 elementor-widget elementor-widget-vc_cta\" data-id=\"8a0a620\" data-element_type=\"widget\" data-widget_type=\"vc_cta.default\">\n\t\t\t\t<div class=\"elementor-widget-container\">\n\t\t\t\n<div class=\"ce_cta ce_cta_916ffb72c2cb7e780d301d6fa2464e09 ce_text_left third_bg_color add_button_right btn_align_right btn_button_block_true btn_has_icon btn_has_icon_on_the_right\" id=\"\">\n\n    <div class=\"ce_cta__content\">\n        <div class=\"ce_cta__content__header\">\n            <h2  class='ce_cta__content__title '> \u0414\u0430\u043b\u0438 \u0438\u043c\u0430\u0442\u0435 \u043f\u043e\u0442\u0440\u0435\u0431\u0430 \u043e\u0434 \u0434\u043e\u043f\u043e\u043b\u043d\u0438\u0442\u0435\u043b\u043d\u0438 \u0438\u043d\u0444\u043e\u0440\u043c\u0430\u0446\u0438\u0438 \u0437\u0430 \u043d\u0430\u0448\u0438\u0442\u0435 \u043f\u0440\u043e\u0438\u0437\u0432\u043e\u0434\u0438?<\/h2>                    <\/div>\n\n        \n    <\/div>\n\n    \n        <div class=\"ce_cta__action\">\n            <a href=\"https:\/\/tehnounion.com.mk\/kontakt\/\"\n                              target=\"_self\"\n               class=\"button \">\n                <span>\u041a\u043e\u043d\u0442\u0430\u043a\u0442<\/span>\n                                    <i class=\"fa fa-chevron-right\"><\/i>\n                            <\/a>\n        <\/div>\n\n    \n<\/div>\n\t\t<\/div>\n\t\t\t\t<\/div>\n\t\t\t\t\t\t<\/div>\n\t\t\t\t\t<\/div>\n\t\t<\/div>\n\t\t\t\t\t\t\t\t<\/div>\n\t\t\t\t\t<\/div>\n\t\t<\/section>\n\t\t\t\t\t\t<\/div>\n\t\t\t\t\t\t<\/div>\n\t\t\t\t\t<\/div>\n\t\t","protected":false},"excerpt":{"rendered":"<p>Klorizimit t\u00eb ujit te lengshem All Klorizimit t\u00eb ujit te lengshem Klorizimit t\u00eb ujit te lengshem Pompa kimike Klorizimit t\u00eb ujit te lengshem Paisje per kimikate p\u00ebrgatitjen Klorizimit t\u00eb ujit te lengshem Paisje per dozimin e kimikateve Tehnounion MTD \u00ebsht\u00eb p\u00ebrfaq\u00ebsues p\u00ebr Turqin\u00eb brend ANTECH POMPA DOZIMIN LARA A NANO A \u0423\u0440\u0435\u0434\u0438 \u0437\u0430 \u043a\u043e\u043d\u0442\u0440\u043e\u043b\u0430 \u043d\u0430<\/p>\n","protected":false},"author":1,"featured_media":0,"parent":0,"menu_order":0,"comment_status":"closed","ping_status":"closed","template":"","meta":[],"_links":{"self":[{"href":"https:\/\/tehnounion.com.mk\/sq\/wp-json\/wp\/v2\/pages\/8335"}],"collection":[{"href":"https:\/\/tehnounion.com.mk\/sq\/wp-json\/wp\/v2\/pages"}],"about":[{"href":"https:\/\/tehnounion.com.mk\/sq\/wp-json\/wp\/v2\/types\/page"}],"author":[{"embeddable":true,"href":"https:\/\/tehnounion.com.mk\/sq\/wp-json\/wp\/v2\/users\/1"}],"replies":[{"embeddable":true,"href":"https:\/\/tehnounion.com.mk\/sq\/wp-json\/wp\/v2\/comments?post=8335"}],"version-history":[{"count":4,"href":"https:\/\/tehnounion.com.mk\/sq\/wp-json\/wp\/v2\/pages\/8335\/revisions"}],"predecessor-version":[{"id":8340,"href":"https:\/\/tehnounion.com.mk\/sq\/wp-json\/wp\/v2\/pages\/8335\/revisions\/8340"}],"wp:attachment":[{"href":"https:\/\/tehnounion.com.mk\/sq\/wp-json\/wp\/v2\/media?parent=8335"}],"curies":[{"name":"wp","href":"https:\/\/api.w.org\/{rel}","templated":true}]}}